{"id":10610,"date":"2023-07-20T19:56:01","date_gmt":"2023-07-20T19:56:01","guid":{"rendered":"https:\/\/versahinternational.com\/videos-de-testes-de-contrafacao\/"},"modified":"2024-11-13T15:03:26","modified_gmt":"2024-11-13T15:03:26","slug":"videos-de-testes-de-contrafacao","status":"publish","type":"page","link":"https:\/\/versahinternational.com\/pt-pt\/videos-de-testes-de-contrafacao\/","title":{"rendered":"V\u00eddeos de testes de contrafa\u00e7\u00e3o"},"content":{"rendered":"<section class=\"wpb-content-wrapper\"><p>[vc_row][vc_column][vc_column_text]<\/p>\n<p class=\"p1\">[\/vc_column_text][\/vc_column][\/vc_row][vc_row][vc_column][vc_empty_space height=&#8221;100px&#8221;][vc_custom_heading text=&#8221;A sua excel\u00eancia cl\u00ednica \u00e9 a nossa principal prioridade&#8221; font_container=&#8221;tag:p|font_size:35|text_align:center|color:%23c4d600&#8243; use_theme_fonts=&#8221;yes&#8221;][\/vc_column][\/vc_row][vc_row][vc_column][vc_single_image image=&#8221;23633&#8243; img_size=&#8221;full&#8221; alignment=&#8221;center&#8221;][vc_single_image image=&#8221;23648&#8243; img_size=&#8221;full&#8221; alignment=&#8221;center&#8221; onclick=&#8221;custom_link&#8221; link=&#8221;https:\/\/www.accessdata.fda.gov\/cms_ia\/importalert_224.html&#8221;][vc_separator][vc_empty_space height=&#8221;25px&#8221;][vc_column_text]<\/p>\n<div data-widget-id=\"472a2e16-35fc-4a9c-a949-c82f62acd128\" data-placement-id=\"774c3eda-6d22-46e3-8794-988c8ebb97ff\" data-placement-status=\"ACTIVE\">\n<div class=\"sd-simple-text-472a2e16-35fc-4a9c-a949-c82f62acd128\">\n<div id=\"sd-simple-text-editable-472a2e16-35fc-4a9c-a949-c82f62acd128\" data-edit-mode=\"\">\n<p style=\"text-align: center;\"><span style=\"color: #c4d600; font-size: 25px;\"><span class=\"TextRun SCXW21159307 BCX0\" lang=\"EN-US\" xml:lang=\"EN-US\" data-contrast=\"none\"><span class=\"SpellingError SCXW21159307 BCX0\">Compre<\/span> <span class=\"SpellingError SCXW21159307 BCX0\">produtos<\/span><span class=\"NormalTextRun SCXW21159307 BCX0\"> Versah <\/span><span class=\"SpellingError SCXW21159307 BCX0\">Originais<\/span><\/span><span class=\"EOP SCXW21159307 BCX0\" data-ccp-props=\"{}\">\u00a0<\/span><\/span><\/p>\n<\/div>\n<\/div>\n<\/div>\n<p>[\/vc_column_text][vc_btn title=&#8221;Encontre o seu distribuidor&#8221; style=&#8221;outline-custom&#8221; outline_custom_color=&#8221;#c4d600&#8243; outline_custom_hover_background=&#8221;#666666&#8243; outline_custom_hover_text=&#8221;#ffffff&#8221; size=&#8221;lg&#8221; align=&#8221;center&#8221; link=&#8221;url:https%3A%2F%2Fversahinternational.com%2Fversah-international%2F|title:Versah%20International&#8221;][\/vc_column][\/vc_row][vc_row][vc_column][vc_column_text]<\/p>\n<p><span style=\"font-size: 1.125rem;\">[vc_empty_space height=&#8221;100px&#8221;][vc_custom_heading text=&#8221;V\u00eddeos de testes de contrafa\u00e7\u00e3o&#8221; font_container=&#8221;tag:p|font_size:25|text_align:center|color:%23c4d600&#8243; use_theme_fonts=&#8221;yes&#8221; css=&#8221;.vc_custom_1690223203991{background-color: #333333 !important;}&#8221;][\/vc_column_text][\/vc_column][\/vc_row][vc_row][vc_column width=&#8221;1\/2&#8243;][vc_column_text]<\/span><\/p>\n<p style=\"text-align: center;\"><strong><span style=\"color: #ffffff;\">Alargadores MX e escareador DS<\/span><\/strong><\/p>\n<p>[\/vc_column_text][vc_video link=&#8221;https:\/\/www.youtube.com\/watch?v=pBO7WH2PZ2I&#8221; align=&#8221;center&#8221;][\/vc_column][vc_column width=&#8221;1\/2&#8243;][vc_column_text]<\/p>\n<p style=\"text-align: center;\"><strong><span style=\"color: #ffffff;\">&#8220;Perfura\u00e7\u00e3o Zero&#8221; HNM<\/span><\/strong><\/p>\n<p>[\/vc_column_text][vc_video link=&#8221;https:\/\/www.youtube.com\/watch?v=nlNJ7LWBHJw&amp;list=TLGGpwsv7MKsuU0yNDA3MjAyMw&#8221; align=&#8221;center&#8221;][\/vc_column][\/vc_row][vc_row][vc_column][vc_empty_space height=&#8221;100px&#8221;][\/vc_column][\/vc_row][vc_row][vc_column width=&#8221;1\/2&#8243;][vc_column_text]<\/p>\n<p style=\"text-align: center;\"><span style=\"color: #ffffff;\"><strong>Kit de brocas DX<\/strong><\/span><\/p>\n<p>[\/vc_column_text][vc_video link=&#8221;https:\/\/www.youtube.com\/watch?v=6kxw6JJt778&amp;list=TLGGyI_tHlNHW6IyNDA3MjAyMw&#8221; align=&#8221;center&#8221;][\/vc_column][vc_column width=&#8221;1\/2&#8243;][vc_column_text]<\/p>\n<p style=\"text-align: center;\"><strong><span style=\"color: #ffffff;\">Kit de brocas Cosmos<\/span><\/strong><\/p>\n<p>[\/vc_column_text][vc_video link=&#8221;https:\/\/www.youtube.com\/watch?v=uafGadMUIs0&amp;list=TLGGOa3GbB7vPfAyNDA3MjAyMw&#8221; align=&#8221;center&#8221;][\/vc_column][\/vc_row][vc_row][vc_column][vc_empty_space height=&#8221;100px&#8221;][\/vc_column][\/vc_row][vc_row][vc_column width=&#8221;1\/2&#8243;][vc_column_text]<\/p>\n<p style=\"text-align: center;\"><span style=\"color: #ffffff;\"><strong>Waldent (contrafa\u00e7\u00e3o fabricada no Paquist\u00e3o)<\/strong><\/span><\/p>\n<p>[\/vc_column_text][vc_video link=&#8221;https:\/\/www.youtube.com\/watch?v=PzoPsKX6GoI&#8221; align=&#8221;center&#8221;][\/vc_column][vc_column width=&#8221;1\/2&#8243;][vc_column_text]<\/p>\n<p style=\"text-align: center;\"><span style=\"color: #ffffff;\"><strong>Cowell Medi (contrafa\u00e7\u00e3o fabricada no Paquist\u00e3o)<\/strong><\/span><\/p>\n<p>[\/vc_column_text][vc_video link=&#8221;https:\/\/www.youtube.com\/watch?v=fNeuimzyscU&amp;list=TLGGdwPmMdPTrBwyNDA3MjAyMw&#8221; align=&#8221;center&#8221;][\/vc_column][\/vc_row][vc_row][vc_column][vc_empty_space height=&#8221;100px&#8221;][\/vc_column][\/vc_row][vc_row][vc_column width=&#8221;1\/2&#8243;][vc_column_text]<\/p>\n<p style=\"text-align: center;\"><strong><span style=\"color: #ffffff;\">Contrafa\u00e7\u00e3o fabricada no Paquist\u00e3o<\/span><\/strong><\/p>\n<p>[\/vc_column_text][vc_video link=&#8221;https:\/\/www.youtube.com\/watch?v=lUuy-gS7h5Q&amp;list=TLGGYQ-cBPZqR70yNDA3MjAyMw&#8221; align=&#8221;center&#8221;][\/vc_column][vc_column width=&#8221;1\/2&#8243;][\/vc_column][\/vc_row][vc_row][vc_column][vc_empty_space height=&#8221;100px&#8221;][vc_column_text]<\/p>\n<h6><span style=\"color: #808080;\">10907 REV00 \u00faltima atualiza\u00e7\u00e3o: 11\/2024<\/span><\/h6>\n<p>[\/vc_column_text][\/vc_column][\/vc_row]<\/p>\n<\/section>","protected":false},"excerpt":{"rendered":"<p>[vc_row][vc_column][vc_column_text] [\/vc_column_text][\/vc_column][\/vc_row][vc_row][vc_column][vc_empty_space height=&#8221;100px&#8221;][vc_custom_heading text=&#8221;A sua excel\u00eancia cl\u00ednica \u00e9 a nossa principal prioridade&#8221; font_container=&#8221;tag:p|font_size:35|text_align:center|color:%23c4d600&#8243; use_theme_fonts=&#8221;yes&#8221;][\/vc_column][\/vc_row][vc_row][vc_column][vc_single_image image=&#8221;23633&#8243; img_size=&#8221;full&#8221; alignment=&#8221;center&#8221;][vc_single_image image=&#8221;23648&#8243; img_size=&#8221;full&#8221; alignment=&#8221;center&#8221;<\/p>\n<p><a href=\"https:\/\/versahinternational.com\/pt-pt\/videos-de-testes-de-contrafacao\/\" class=\"more-link\">Continue reading<span class=\"screen-reader-text\">V\u00eddeos de testes de contrafa\u00e7\u00e3o<\/span><\/a><\/p>\n","protected":false},"author":2,"featured_media":0,"parent":0,"menu_order":0,"comment_status":"closed","ping_status":"closed","template":"","meta":{"footnotes":""},"class_list":["post-10610","page","type-page","status-publish","hentry"],"jetpack_sharing_enabled":true,"_links":{"self":[{"href":"https:\/\/versahinternational.com\/pt-pt\/wp-json\/wp\/v2\/pages\/10610","targetHints":{"allow":["GET"]}}],"collection":[{"href":"https:\/\/versahinternational.com\/pt-pt\/wp-json\/wp\/v2\/pages"}],"about":[{"href":"https:\/\/versahinternational.com\/pt-pt\/wp-json\/wp\/v2\/types\/page"}],"author":[{"embeddable":true,"href":"https:\/\/versahinternational.com\/pt-pt\/wp-json\/wp\/v2\/users\/2"}],"replies":[{"embeddable":true,"href":"https:\/\/versahinternational.com\/pt-pt\/wp-json\/wp\/v2\/comments?post=10610"}],"version-history":[{"count":12,"href":"https:\/\/versahinternational.com\/pt-pt\/wp-json\/wp\/v2\/pages\/10610\/revisions"}],"predecessor-version":[{"id":23356,"href":"https:\/\/versahinternational.com\/pt-pt\/wp-json\/wp\/v2\/pages\/10610\/revisions\/23356"}],"wp:attachment":[{"href":"https:\/\/versahinternational.com\/pt-pt\/wp-json\/wp\/v2\/media?parent=10610"}],"curies":[{"name":"wp","href":"https:\/\/api.w.org\/{rel}","templated":true}]}}