{"id":10696,"date":"2023-07-20T19:55:04","date_gmt":"2023-07-20T19:55:04","guid":{"rendered":"https:\/\/versahinternational.com\/evitar-complicacoes-de-rebarba\/"},"modified":"2024-09-11T14:05:19","modified_gmt":"2024-09-11T14:05:19","slug":"evitar-complicacoes-de-rebarba","status":"publish","type":"page","link":"https:\/\/versahinternational.com\/pt-pt\/videos-educativos\/evitar-complicacoes-de-rebarba\/","title":{"rendered":"Evitar complica\u00e7\u00f5es devido a brocas rombas"},"content":{"rendered":"<section class=\"wpb-content-wrapper\"><p>[vc_row][vc_column][vc_empty_space height=&#8221;100px&#8221;][vc_custom_heading text=&#8221;EVITAR COMPLICA\u00c7\u00d5ES DEVIDO A BROCAS ROMBAS&#8221; font_container=&#8221;tag:p|font_size:35|text_align:center|color:%23c4d600&#8243; use_theme_fonts=&#8221;yes&#8221;][\/vc_column][\/vc_row][vc_row][vc_column][vc_video link=&#8221;https:\/\/youtu.be\/OE68eeffaJQ&#8221; align=&#8221;center&#8221;][\/vc_column][\/vc_row][vc_row][vc_column][vc_empty_space height=&#8221;100px&#8221;][vc_custom_heading text=&#8221;Substitua as suas brocas a cada 20 osteotomias&#8221; font_container=&#8221;tag:p|font_size:35|text_align:center|color:%23c4d600&#8243; use_theme_fonts=&#8221;yes&#8221; css=&#8221;.vc_custom_1726063438068{background-color: #333333 !important;}&#8221;][vc_single_image image=&#8221;22402&#8243; img_size=&#8221;full&#8221; alignment=&#8221;center&#8221;][\/vc_column][\/vc_row][vc_row][vc_column][vc_column_text]<span style=\"color: #ffffff;\">\u2022 As brocas cir\u00fargicas devem ser substitu\u00eddas quando estiverem rombas ou gastas.<\/span><\/p>\n<p><span style=\"color: #ffffff;\">\u2022 A Versah recomenda a substitui\u00e7\u00e3o das brocas Densah ap\u00f3s 20 osteotomias para evitar complica\u00e7\u00f5es cl\u00ednicas e otimizar o seu sucesso cl\u00ednico. O uso excessivo das brocas Densah pode levar a les\u00f5es no paciente e complica\u00e7\u00f5es cir\u00fargicas. Recomenda-se que mantenha brocas Densah sobresselentes \u00e0 m\u00e3o se for necess\u00e1rio substitu\u00ed-las durante a cirurgia.<\/span><\/p>\n<p><span style=\"color: #ffffff;\">\u2022 As brocas ZGO Densah e a broca piloto c\u00f3nica ZGO s\u00e3o de utiliza\u00e7\u00e3o \u00fanica. <\/span><\/p>\n<p><span style=\"color: #ffffff;\">\u2022 O indicador vertical G-Stop e a manga C-Guide s\u00e3o de utiliza\u00e7\u00e3o \u00fanica.<\/span><\/p>\n<p><span style=\"color: #ffffff;\">\u2022 A chave do G-Stop recomenda a substitui\u00e7\u00e3o ap\u00f3s 12-20 osteotomias.<\/span><\/p>\n<p><span style=\"color: #ffffff;\">\u2022 As brocas ZGO Densah e a broca piloto c\u00f3nica ZGO s\u00e3o de utiliza\u00e7\u00e3o \u00fanica. A reutiliza\u00e7\u00e3o deste dispositivo pode provocar les\u00f5es no paciente, infe\u00e7\u00f5es e\/ou falhas do dispositivo.<\/span><\/p>\n<p><span style=\"color: #ffffff;\">\u2022 A manga ZGO C-Guide \u00e9 de utiliza\u00e7\u00e3o \u00fanica.<\/span><\/p>\n<div data-sub-layout-container=\"5eac6217-1660-4483-9817-4e25d0dbe867\" data-layout-name=\"banner\">\n<div data-sub-layout=\"2d10f19e-7813-4778-b28e-78b8990b4a01\">\n<div data-widget-id=\"627d38f9-cd12-4b7b-9e33-2490d88e1df1\" data-placement-id=\"943e48da-e709-4b95-872c-24cf5029c579\" data-placement-status=\"ACTIVE\">\n<div class=\"sd-simple-text-627d38f9-cd12-4b7b-9e33-2490d88e1df1 \">\n<div id=\"sd-simple-text-editable-627d38f9-cd12-4b7b-9e33-2490d88e1df1\" data-edit-mode=\"\">\n<p>* Chacon GE, Bower DL, Larsen PE, et al. Produ\u00e7\u00e3o de calor por tr\u00eas sistemas de perfura\u00e7\u00e3o de implantes ap\u00f3s perfura\u00e7\u00e3o e esteriliza\u00e7\u00e3o repetidas. J Oral Maxillofac Surg. 2006;64(2):265-269<\/p>\n<\/div>\n<\/div>\n<\/div>\n<\/div>\n<\/div>\n<div data-sub-layout-container=\"30e94b05-1117-4974-961d-8265cb269467\" data-layout-name=\"Layout\">\n<div data-sub-layout=\"0bc56f28-39ab-4a70-b47d-266ad1700f41\">\n<div data-widget-id=\"34fa7f48-88a0-493a-97c1-617cc2e5068d\" data-placement-id=\"a4dc5aba-3fc5-4a11-8190-a6c9afb2f92d\" data-placement-status=\"ACTIVE\">\n<div class=\"sd-divider-wrapper-34fa7f48-88a0-493a-97c1-617cc2e5068d\"><\/div>\n<\/div>\n<\/div>\n<\/div>\n<p>[\/vc_column_text][\/vc_column][\/vc_row][vc_row][vc_column][vc_empty_space height=&#8221;100px&#8221;][vc_custom_heading text=&#8221;Utilize um registo de acompanhamento para as suas brocas Densah!&#8221; font_container=&#8221;tag:p|font_size:35|text_align:center|color:%23c4d600&#8243; use_theme_fonts=&#8221;yes&#8221; css=&#8221;.vc_custom_1690217409786{background-color: #333333 !important;}&#8221;][\/vc_column][\/vc_row][vc_row][vc_column width=&#8221;1\/2&#8243;][vc_single_image image=&#8221;1060&#8243; img_size=&#8221;full&#8221; alignment=&#8221;center&#8221; onclick=&#8221;link_image&#8221;][\/vc_column][vc_column width=&#8221;1\/2&#8243;][vc_single_image image=&#8221;1062&#8243; img_size=&#8221;full&#8221; alignment=&#8221;center&#8221; onclick=&#8221;link_image&#8221;][\/vc_column][\/vc_row][vc_row][vc_column][vc_empty_space height=&#8221;100px&#8221;][vc_column_text]<\/p>\n<h6><span style=\"color: #808080;\">10906 REV01 \u00faltima atualiza\u00e7\u00e3o: 09\/2024<\/span><\/h6>\n<p>[\/vc_column_text][\/vc_column][\/vc_row]<\/p>\n<\/section>","protected":false},"excerpt":{"rendered":"<p>[vc_row][vc_column][vc_empty_space height=&#8221;100px&#8221;][vc_custom_heading text=&#8221;EVITAR COMPLICA\u00c7\u00d5ES DEVIDO A BROCAS ROMBAS&#8221; font_container=&#8221;tag:p|font_size:35|text_align:center|color:%23c4d600&#8243; use_theme_fonts=&#8221;yes&#8221;][\/vc_column][\/vc_row][vc_row][vc_column][vc_video link=&#8221;https:\/\/youtu.be\/OE68eeffaJQ&#8221; align=&#8221;center&#8221;][\/vc_column][\/vc_row][vc_row][vc_column][vc_empty_space height=&#8221;100px&#8221;][vc_custom_heading text=&#8221;Substitua as suas brocas a cada 20<\/p>\n<p><a href=\"https:\/\/versahinternational.com\/pt-pt\/videos-educativos\/evitar-complicacoes-de-rebarba\/\" class=\"more-link\">Continue reading<span class=\"screen-reader-text\">Evitar complica\u00e7\u00f5es devido a brocas rombas<\/span><\/a><\/p>\n","protected":false},"author":2,"featured_media":0,"parent":11499,"menu_order":0,"comment_status":"closed","ping_status":"closed","template":"","meta":{"footnotes":""},"class_list":["post-10696","page","type-page","status-publish","hentry"],"jetpack_sharing_enabled":true,"_links":{"self":[{"href":"https:\/\/versahinternational.com\/pt-pt\/wp-json\/wp\/v2\/pages\/10696","targetHints":{"allow":["GET"]}}],"collection":[{"href":"https:\/\/versahinternational.com\/pt-pt\/wp-json\/wp\/v2\/pages"}],"about":[{"href":"https:\/\/versahinternational.com\/pt-pt\/wp-json\/wp\/v2\/types\/page"}],"author":[{"embeddable":true,"href":"https:\/\/versahinternational.com\/pt-pt\/wp-json\/wp\/v2\/users\/2"}],"replies":[{"embeddable":true,"href":"https:\/\/versahinternational.com\/pt-pt\/wp-json\/wp\/v2\/comments?post=10696"}],"version-history":[{"count":15,"href":"https:\/\/versahinternational.com\/pt-pt\/wp-json\/wp\/v2\/pages\/10696\/revisions"}],"predecessor-version":[{"id":22413,"href":"https:\/\/versahinternational.com\/pt-pt\/wp-json\/wp\/v2\/pages\/10696\/revisions\/22413"}],"up":[{"embeddable":true,"href":"https:\/\/versahinternational.com\/pt-pt\/wp-json\/wp\/v2\/pages\/11499"}],"wp:attachment":[{"href":"https:\/\/versahinternational.com\/pt-pt\/wp-json\/wp\/v2\/media?parent=10696"}],"curies":[{"name":"wp","href":"https:\/\/api.w.org\/{rel}","templated":true}]}}