{"id":10828,"date":"2023-07-18T18:31:15","date_gmt":"2023-07-18T18:31:15","guid":{"rendered":"https:\/\/versahinternational.com\/tecnica-idr-protocolo-i\/"},"modified":"2023-12-04T21:26:41","modified_gmt":"2023-12-04T21:26:41","slug":"tecnica-idr-protocolo-i","status":"publish","type":"page","link":"https:\/\/versahinternational.com\/pt-pt\/versatilidade-clinica\/tecnica-idr-protocolo-i\/","title":{"rendered":"Protocolo I da t\u00e9cnica de RDI"},"content":{"rendered":"<section class=\"wpb-content-wrapper\"><p>[vc_row][vc_column][vc_empty_space height=&#8221;100px&#8221;][vc_custom_heading text=&#8221;T\u00c9CNICA I DE RESTAURA\u00c7\u00c3O DENTOALVEOLAR IMEDIATA (RDI)&#8221; font_container=&#8221;tag:p|font_size:35|text_align:center|color:%23c4d600&#8243; use_theme_fonts=&#8221;yes&#8221;][vc_btn title=&#8221;Baixar Protocolo&#8221; style=&#8221;outline-custom&#8221; outline_custom_color=&#8221;#c4d600&#8243; outline_custom_hover_background=&#8221;#666666&#8243; outline_custom_hover_text=&#8221;#ffffff&#8221; size=&#8221;lg&#8221; align=&#8221;center&#8221; link=&#8221;url:https%3A%2F%2Fversahinternational.com%2Fwp-content%2Fuploads%2F2023%2F12%2FPortuguese-IDR-I-11040-REV00.pdf|title:Protocolo%20de%20expans%C3%A3o%20da%20crista%20facilitada&#8221;][\/vc_column][\/vc_row][vc_row][vc_column css=&#8221;.vc_custom_1690382190823{background-color: #ffffff !important;}&#8221;][vc_column_text]<\/p>\n<div data-widget-id=\"ecf34c35-04ee-4d55-80f5-2b30c50127ca\" data-placement-id=\"b03f79d3-5287-4d86-b88e-4d16ee2698ae\" data-placement-status=\"ACTIVE\">\n<div class=\"sd-simple-text-ecf34c35-04ee-4d55-80f5-2b30c50127ca \">\n<div id=\"sd-simple-text-editable-ecf34c35-04ee-4d55-80f5-2b30c50127ca\" data-edit-mode=\"\">\n<p><span style=\"color: #c4d600 !important;\"><strong>Vis\u00e3o geral: <\/strong><\/span><\/p>\n<\/div>\n<\/div>\n<\/div>\n<div data-widget-id=\"ebb0fe0c-d3bb-4469-819e-748e87ebe8d3\" data-placement-id=\"eb822ecd-15a8-4eb2-92d0-a209d804bd0a\" data-placement-status=\"ACTIVE\">\n<div class=\"sd-simple-text-ebb0fe0c-d3bb-4469-819e-748e87ebe8d3 \">\n<div id=\"sd-simple-text-editable-ebb0fe0c-d3bb-4469-819e-748e87ebe8d3\" data-edit-mode=\"\">\n<p><span style=\"color: #333333;\"><strong>Indicado em casos com tecido mole de m\u00e1 qualidade devido a fratura e infec\u00e7\u00e3o em alv\u00e9olos p\u00f3s-extra\u00e7\u00e3o em combina\u00e7\u00e3o com perda \u00f3ssea grave.<\/strong> O Protocolo I de RDI introduzir\u00e1 uma nova perspectiva para gerir estes alv\u00e9olos comprometidos utilizando a cirurgia sem retalho de uma forma simples baseada na resposta biol\u00f3gica.<\/span><\/p>\n<\/div>\n<\/div>\n<\/div>\n<p>[\/vc_column_text][vc_empty_space height=&#8221;50px&#8221;][vc_separator][vc_column_text]<span style=\"color: #333333;\">\u2022 EXTRAIA O DENTE DANIFICADO, REMOVA O TECIDO DE GRANULA\u00c7\u00c3O E OS RESTOS DE TECIDO PERIODONTAL.<\/span><br \/>\n<span style=\"color: #333333;\">\u2022 UTILIZE AS BROCAS DENSAH EM MODO DE DENSIFICA\u00c7\u00c3O (ROTA\u00c7\u00c3O NO SENTIDO ANTI-HOR\u00c1RIO) PARA PREPARAR O S\u00cdTIO DE INSTALA\u00c7\u00c3O E DENSIFICAR O LEITO \u00d3SSEO.<\/span><br \/>\n<span style=\"color: #333333;\">\u2022 FIXE O IMPLANTE NA PAREDE PALATINA.<\/span><br \/>\n<span style=\"color: #333333;\">\u2022 COLETE E REMODELE O ENXERTO CORTICO-MEDULAR E O OSSO PARTICULADO DA TUBEROSIDADE MAXILAR. INSIRA E ESTABILIZE O ENXERTO CORTICO-MEDULAR E PARTICULADO NA FACE VESTIBULAR DA ZONA RECEPTORA.<\/span><br \/>\n<span style=\"color: #333333;\">\u2022 REALIZE UMA RESTAURA\u00c7\u00c3O PROVIS\u00d3RIA APARAFUSADA COM PERFIL DE EMERG\u00caNCIA ADEQUADO. (RESTAURA\u00c7\u00d5ES CIMENTADAS S\u00c3O CONTRAINDICADAS)<\/span><br \/>\n<span style=\"color: #333333;\">\u2022 AGUARDE A CICATRIZA\u00c7\u00c3O POR AO MENOS 4 MESES E INSTALE UMA COROA DE PORCELANA DEFINITIVA APARAFUSADA.<\/span>[\/vc_column_text][vc_separator][vc_row_inner][vc_column_inner width=&#8221;1\/2&#8243;][vc_single_image image=&#8221;1321&#8243; img_size=&#8221;full&#8221; alignment=&#8221;center&#8221;][\/vc_column_inner][vc_column_inner width=&#8221;1\/2&#8243;][vc_column_text]<\/p>\n<div data-widget-id=\"ecf34c35-04ee-4d55-80f5-2b30c50127ca\" data-placement-id=\"b03f79d3-5287-4d86-b88e-4d16ee2698ae\" data-placement-status=\"ACTIVE\">\n<div class=\"sd-simple-text-ecf34c35-04ee-4d55-80f5-2b30c50127ca \">\n<div id=\"sd-simple-text-editable-ecf34c35-04ee-4d55-80f5-2b30c50127ca\" data-edit-mode=\"\">\n<p><span style=\"color: #222222 !important;\">A imagem de CBCT mostra fratura e perda da parede \u00f3ssea vestibular.<\/span><\/p>\n<\/div>\n<\/div>\n<\/div>\n<p>[\/vc_column_text][\/vc_column_inner][\/vc_row_inner][vc_row_inner][vc_column_inner][vc_empty_space height=&#8221;50px&#8221;][\/vc_column_inner][\/vc_row_inner][vc_row_inner][vc_column_inner width=&#8221;2\/3&#8243;][vc_custom_heading text=&#8221;Passo 1:&#8221; font_container=&#8221;tag:p|font_size:20|text_align:left|color:%23c4d600&#8243; use_theme_fonts=&#8221;yes&#8221;][vc_column_text]<span style=\"color: #333333;\">Extraia o dente danificado atrav\u00e9s de um procedimento minimamente invasivo. Utilizando cuidadosamente a t\u00e9cnica de curetagem do alv\u00e9olo, remova completamente o tecido de granula\u00e7\u00e3o e os restos de tecido periodontal. \u00c9 comum que haja aus\u00eancia total da parede vestibular.<\/span>[\/vc_column_text][\/vc_column_inner][vc_column_inner width=&#8221;1\/3&#8243;][vc_single_image image=&#8221;1325&#8243; img_size=&#8221;full&#8221;][\/vc_column_inner][\/vc_row_inner][vc_row_inner][vc_column_inner][vc_empty_space height=&#8221;50px&#8221;][\/vc_column_inner][\/vc_row_inner][vc_row_inner][vc_column_inner width=&#8221;2\/3&#8243;][vc_custom_heading text=&#8221;Passo 2:&#8221; font_container=&#8221;tag:p|font_size:20|text_align:left|color:%23c4d600&#8243; use_theme_fonts=&#8221;yes&#8221;][vc_column_text]<\/p>\n<div data-widget-id=\"ecf34c35-04ee-4d55-80f5-2b30c50127ca\" data-placement-id=\"b03f79d3-5287-4d86-b88e-4d16ee2698ae\" data-placement-status=\"ACTIVE\">\n<div class=\"sd-simple-text-ecf34c35-04ee-4d55-80f5-2b30c50127ca \">\n<div id=\"sd-simple-text-editable-ecf34c35-04ee-4d55-80f5-2b30c50127ca\" data-edit-mode=\"\">\n<p><span style=\"color: #333333;\">Utilize as brocas Densah\u00ae para preparar o s\u00edtio de instala\u00e7\u00e3o do implante. Comece com a broca piloto Densah\u00ae, no sentido hor\u00e1rio, at\u00e9 uma profundidade relacionada com o comprimento do implante planejado. Dependendo do tipo e do di\u00e2metro do implante, utilize as brocas Densah\u00ae mais largas, de acordo com o protocolo de densifica\u00e7\u00e3o do sistema de implantes*. Come\u00e7ando com a menor broca Densah\u00ae, utilize as brocas Densah\u00ae no modo de densifica\u00e7\u00e3o (sentido anti-hor\u00e1rio, com uma velocidade de 800-1500 rpm e irriga\u00e7\u00e3o abundante).<\/span><\/p>\n<p><span style=\"color: #333333;\"><a style=\"color: #333333;\" href=\"https:\/\/versahinternational.com\/pt-pt\/versatilidade-clinica\/guia-de-referencia-para-perfuracao-de-sistemas-de-implantes-drg\/\">*Versahinternational.com\/clinical-versahtility\/implant-system-protocols\/<\/a><br \/>\n<\/span><\/p>\n<\/div>\n<\/div>\n<\/div>\n<p>[\/vc_column_text][\/vc_column_inner][vc_column_inner width=&#8221;1\/3&#8243;][vc_single_image image=&#8221;1327&#8243; img_size=&#8221;full&#8221;][\/vc_column_inner][\/vc_row_inner][vc_row_inner][vc_column_inner][vc_empty_space height=&#8221;50px&#8221;][\/vc_column_inner][\/vc_row_inner][vc_row_inner][vc_column_inner width=&#8221;2\/3&#8243;][vc_custom_heading text=&#8221;Passo 3:&#8221; font_container=&#8221;tag:p|font_size:20|text_align:left|color:%23c4d600&#8243; use_theme_fonts=&#8221;yes&#8221;][vc_column_text]<span style=\"color: #333333;\">Colete o enxerto cortico-medular e o osso aut\u00f3geno particulado da tuberosidade maxilar utilizando cinz\u00e9is de RDI (kit de RDI). Remodele o enxerto de acordo com o contorno anat\u00f4mico do defeito. Insira e estabilize o enxerto cortico-medular remodelado, posicionando-o firmemente na face vestibular da zona receptora, de modo que a por\u00e7\u00e3o da medular do enxerto cortico-medular fique virada para o implante.<\/span>[\/vc_column_text][\/vc_column_inner][vc_column_inner width=&#8221;1\/3&#8243;][vc_single_image image=&#8221;1329&#8243; img_size=&#8221;full&#8221;][\/vc_column_inner][\/vc_row_inner][vc_row_inner][vc_column_inner][vc_empty_space height=&#8221;50px&#8221;][\/vc_column_inner][\/vc_row_inner][vc_row_inner][vc_column_inner width=&#8221;2\/3&#8243;][vc_custom_heading text=&#8221;Passo 4:&#8221; font_container=&#8221;tag:p|font_size:20|text_align:left|color:%23c4d600&#8243; use_theme_fonts=&#8221;yes&#8221;][vc_column_text]<span style=\"color: #333333;\">Ancore o implante \u00e0 parede palatina na posi\u00e7\u00e3o 3-D adequada. Compacte o osso particulado aut\u00f3geno para preencher totalmente o espa\u00e7o entre a por\u00e7\u00e3o medular do enxerto e o implante. Com a reconstru\u00e7\u00e3o realizada, a espessura final desejada para a parede vestibular \u00e9 de 3mm.<\/span>[\/vc_column_text][\/vc_column_inner][vc_column_inner width=&#8221;1\/3&#8243;][vc_single_image image=&#8221;1331&#8243; img_size=&#8221;full&#8221;][\/vc_column_inner][\/vc_row_inner][vc_row_inner][vc_column_inner][vc_empty_space height=&#8221;50px&#8221;][\/vc_column_inner][\/vc_row_inner][vc_row_inner][vc_column_inner width=&#8221;2\/3&#8243;][vc_custom_heading text=&#8221;Passo 5:&#8221; font_container=&#8221;tag:p|font_size:20|text_align:left|color:%23c4d600&#8243; use_theme_fonts=&#8221;yes&#8221;][vc_column_text]<span style=\"color: #333333;\">Realize uma restaura\u00e7\u00e3o provis\u00f3ria aparafusada com perfil de emerg\u00eancia adequado.<\/span>[\/vc_column_text][\/vc_column_inner][vc_column_inner width=&#8221;1\/3&#8243;][vc_single_image image=&#8221;1333&#8243; img_size=&#8221;full&#8221;][\/vc_column_inner][\/vc_row_inner][vc_row_inner][vc_column_inner][vc_empty_space height=&#8221;50px&#8221;][\/vc_column_inner][\/vc_row_inner][vc_row_inner][vc_column_inner width=&#8221;2\/3&#8243;][vc_custom_heading text=&#8221;Passo 6:&#8221; font_container=&#8221;tag:p|font_size:20|text_align:left|color:%23c4d600&#8243; use_theme_fonts=&#8221;yes&#8221;][vc_column_text]<span style=\"color: #333333;\">Aguarde a cicatriza\u00e7\u00e3o por ao menos 4 meses para que o tecido mole se torne est\u00e1vel em termos de volume e tenha uma espessura adequada. <strong>Recomenda-se uma restaura\u00e7\u00e3o definitiva aparafusada.<\/strong> \u00c9 poss\u00edvel observar a manuten\u00e7\u00e3o do contorno anat\u00f3mico dos tecidos moles.<\/span>[\/vc_column_text][\/vc_column_inner][vc_column_inner width=&#8221;1\/3&#8243;][vc_single_image image=&#8221;1335&#8243; img_size=&#8221;full&#8221;][\/vc_column_inner][\/vc_row_inner][vc_row_inner][vc_column_inner][vc_empty_space height=&#8221;50px&#8221;][vc_single_image image=&#8221;1323&#8243; img_size=&#8221;full&#8221; alignment=&#8221;center&#8221;][vc_column_text]<\/p>\n<p style=\"text-align: center;\">Acompanhamento cl\u00ednico que mostra a estabilidade dos tecidos moles relativamente \u00e0 margem gengival e \u00e0s papilas.<br \/>\nUma imagem de CBCT ap\u00f3s 3 anos real\u00e7a a estabilidade da parede vestibular, em termos de espessura e altura.<br \/>\nCaso gentilmente compartilhado por Dr. Jos\u00e9 Carlos da Rosa<\/p>\n<p style=\"text-align: center;\">* Dados em arquivo, visite versahinternational.com\/od-published-papers\/ para consultar estudos<br \/>\n** A avalia\u00e7\u00e3o e a experi\u00eancia do profissional devem ser aplicadas em conjunto com esta sugest\u00e3o de protocolo de utiliza\u00e7\u00e3o para pr\u00e1tica cl\u00ednica<\/p>\n<p>[\/vc_column_text][\/vc_column_inner][\/vc_row_inner][\/vc_column][\/vc_row][vc_row][vc_column][vc_empty_space height=&#8221;100px&#8221;][vc_column_text]<\/p>\n<h6><span style=\"color: #808080;\">10899 REV00 \u00faltima atualiza\u00e7\u00e3o: 08\/2023<\/span><\/h6>\n<p>[\/vc_column_text][\/vc_column][\/vc_row]<\/p>\n<\/section>","protected":false},"excerpt":{"rendered":"<p>[vc_row][vc_column][vc_empty_space height=&#8221;100px&#8221;][vc_custom_heading text=&#8221;T\u00c9CNICA I DE RESTAURA\u00c7\u00c3O DENTOALVEOLAR IMEDIATA (RDI)&#8221; font_container=&#8221;tag:p|font_size:35|text_align:center|color:%23c4d600&#8243; use_theme_fonts=&#8221;yes&#8221;][vc_btn title=&#8221;Baixar Protocolo&#8221; style=&#8221;outline-custom&#8221; outline_custom_color=&#8221;#c4d600&#8243; outline_custom_hover_background=&#8221;#666666&#8243; outline_custom_hover_text=&#8221;#ffffff&#8221; size=&#8221;lg&#8221; align=&#8221;center&#8221; link=&#8221;url:https%3A%2F%2Fversahinternational.com%2Fwp-content%2Fuploads%2F2023%2F12%2FPortuguese-IDR-I-11040-REV00.pdf|title:Protocolo%20de%20expans%C3%A3o%20da%20crista%20facilitada&#8221;][\/vc_column][\/vc_row][vc_row][vc_column<\/p>\n<p><a href=\"https:\/\/versahinternational.com\/pt-pt\/versatilidade-clinica\/tecnica-idr-protocolo-i\/\" class=\"more-link\">Continue reading<span class=\"screen-reader-text\">Protocolo I da t\u00e9cnica de RDI<\/span><\/a><\/p>\n","protected":false},"author":2,"featured_media":0,"parent":11561,"menu_order":0,"comment_status":"closed","ping_status":"closed","template":"","meta":{"footnotes":""},"class_list":["post-10828","page","type-page","status-publish","hentry"],"jetpack_sharing_enabled":true,"_links":{"self":[{"href":"https:\/\/versahinternational.com\/pt-pt\/wp-json\/wp\/v2\/pages\/10828","targetHints":{"allow":["GET"]}}],"collection":[{"href":"https:\/\/versahinternational.com\/pt-pt\/wp-json\/wp\/v2\/pages"}],"about":[{"href":"https:\/\/versahinternational.com\/pt-pt\/wp-json\/wp\/v2\/types\/page"}],"author":[{"embeddable":true,"href":"https:\/\/versahinternational.com\/pt-pt\/wp-json\/wp\/v2\/users\/2"}],"replies":[{"embeddable":true,"href":"https:\/\/versahinternational.com\/pt-pt\/wp-json\/wp\/v2\/comments?post=10828"}],"version-history":[{"count":7,"href":"https:\/\/versahinternational.com\/pt-pt\/wp-json\/wp\/v2\/pages\/10828\/revisions"}],"predecessor-version":[{"id":17802,"href":"https:\/\/versahinternational.com\/pt-pt\/wp-json\/wp\/v2\/pages\/10828\/revisions\/17802"}],"up":[{"embeddable":true,"href":"https:\/\/versahinternational.com\/pt-pt\/wp-json\/wp\/v2\/pages\/11561"}],"wp:attachment":[{"href":"https:\/\/versahinternational.com\/pt-pt\/wp-json\/wp\/v2\/media?parent=10828"}],"curies":[{"name":"wp","href":"https:\/\/api.w.org\/{rel}","templated":true}]}}