{"id":11126,"date":"2023-07-18T18:16:04","date_gmt":"2023-07-18T18:16:04","guid":{"rendered":"https:\/\/versahinternational.com\/enxerto-de-expansao-guiado-protocolo-de-aumento-em-2-fases\/"},"modified":"2023-12-04T21:24:21","modified_gmt":"2023-12-04T21:24:21","slug":"enxerto-de-expansao-guiado-protocolo-de-aumento-em-2-fases","status":"publish","type":"page","link":"https:\/\/versahinternational.com\/pt-pt\/versatilidade-clinica\/enxerto-de-expansao-guiado-protocolo-de-aumento-em-2-fases\/","title":{"rendered":"Expans\u00e3o de Crista com Regenera\u00e7\u00e3o \u00d3ssea Guiada: Protocolo de aumento em 2 fases"},"content":{"rendered":"<section class=\"wpb-content-wrapper\"><p>[vc_row][vc_column][vc_empty_space height=&#8221;100px&#8221;][vc_custom_heading text=&#8221;ENXERTO DE EXPANS\u00c3O GUIADA&#8221; font_container=&#8221;tag:p|font_size:35|text_align:center|color:%23c4d600&#8243; use_theme_fonts=&#8221;yes&#8221;][vc_btn title=&#8221;Baixar Protocolo&#8221; style=&#8221;outline-custom&#8221; outline_custom_color=&#8221;#c4d600&#8243; outline_custom_hover_background=&#8221;#666666&#8243; outline_custom_hover_text=&#8221;#ffffff&#8221; size=&#8221;lg&#8221; align=&#8221;center&#8221; link=&#8221;url:https%3A%2F%2Fversahinternational.com%2Fwp-content%2Fuploads%2F2023%2F12%2FPortuguese-Guided-Expansion-Graft-protocol-11035-REV00.pdf|title:Protocolo%20de%20expans%C3%A3o%20da%20crista%20facilitada&#8221;][vc_column_text]<\/p>\n<p style=\"text-align: center;\">Para casos com uma largura inicial da crista \u2264 3,0 mm<\/p>\n<p>[\/vc_column_text][\/vc_column][\/vc_row][vc_row][vc_column css=&#8221;.vc_custom_1690311965541{background-color: #ffffff !important;}&#8221;][vc_separator][vc_column_text]<span style=\"color: #333333;\">\u2022 UTILIZE A BROCA PILOTO NO MODO CONVENCIONAL EM SENTIDO HOR\u00c1RIO E PERFURE AT\u00c9 \u00c0 PROFUNDIDADE PRETENDIDA, AJUSTANDO A ANGULA\u00c7\u00c3O DA OSTEOTOMIA<\/span><br \/>\n<span style=\"color: #333333;\">\u2022 UTILIZE AS BROCAS DENSAH\u00ae SUBSEQUENTES EM INCREMENTOS PARA EXPANDIR A OSTEOTOMIA E AUMENTAR A PLASTICIDADE \u00d3SSEA<\/span><br \/>\n<span style=\"color: #333333;\">\u2022 O DI\u00c2METRO DE EXPANS\u00c3O FINAL N\u00c3O DEVE EXCEDER A F\u00d3RMULA (LARGURA INICIAL DA CRISTA + 1 MM)<\/span><br \/>\n<span style=\"color: #333333;\">\u2022 ENXERTE O ALV\u00c9OLO REC\u00c9M-FORMADO COM UM ALOENXERTO DE COMBINA\u00c7\u00c3O COM UMA PROPOR\u00c7\u00c3O DE OSSO ESPONJOSO\/CORTICAL DE 70\/30<\/span><br \/>\n<span style=\"color: #333333;\">\u2022 DEIXE CICATRIZAR DURANTE 3-6 MESES<\/span><br \/>\n<span style=\"color: #333333;\">\u2022 ACESSE NOVAMENTE O S\u00cdTIO REALIZANDO OSSEODENSIFICA\u00c7\u00c3O COM AS BROCAS DENSAH\u00ae E PROCEDA COM A INSTALA\u00c7\u00c3O DO IMPLANTE<\/span>[\/vc_column_text][vc_separator][vc_empty_space height=&#8221;50px&#8221;][vc_row_inner][vc_column_inner width=&#8221;2\/3&#8243;][vc_custom_heading text=&#8221;Passo 1:&#8221; font_container=&#8221;tag:p|font_size:20|text_align:left|color:%23c4d600&#8243; use_theme_fonts=&#8221;yes&#8221;][vc_column_text]<span style=\"color: #333333;\">Efetuar um retalho do tecido mole utilizando a t\u00e9cnica indicada para a posi\u00e7\u00e3o do implante. <strong>Perfurar at\u00e9 \u00e0 profundidade e angula\u00e7\u00e3o do implante<\/strong> utilizando a broca piloto. (Velocidade 800-1500 rpm, no sentido hor\u00e1rio, com irriga\u00e7\u00e3o abundante).<\/span>[\/vc_column_text][\/vc_column_inner][vc_column_inner width=&#8221;1\/3&#8243;][vc_single_image image=&#8221;1228&#8243; img_size=&#8221;full&#8221;][\/vc_column_inner][\/vc_row_inner][vc_row_inner][vc_column_inner][vc_empty_space height=&#8221;50px&#8221;][\/vc_column_inner][\/vc_row_inner][vc_row_inner][vc_column_inner width=&#8221;2\/3&#8243;][vc_custom_heading text=&#8221;Passo 2:&#8221; font_container=&#8221;tag:p|font_size:20|text_align:left|color:%23c4d600&#8243; use_theme_fonts=&#8221;yes&#8221;][vc_column_text]<span style=\"color: #333333;\">Dependendo do tipo e do di\u00e2metro do implante, siga o protocolo de densifica\u00e7\u00e3o do sistema de implantes correspondente, come\u00e7ando com a menor broca Densah\u00ae, avan\u00e7ando at\u00e9 1 mm al\u00e9m do que o comprimento do implante pretendido. Utilize as brocas Densah\u00ae no modo OD (sentido anti-hor\u00e1rio, velocidade de perfura\u00e7\u00e3o a 800-1500 rpm com irriga\u00e7\u00e3o abundante). <strong>Utilize as brocas Densah\u00ae subsequentes em incrementos menores para aumentar a plasticidade \u00f3ssea e expandir a osteotomia.<\/strong> Por exemplo, utilizar a broca Densah\u00ae (2.0) ap\u00f3s a piloto, depois expandir com a broca Densah\u00ae (2.3) e depois passar para a broca Densah\u00ae (2.5) antes de introduzir a broca Densah\u00ae (3.0).<\/span>[\/vc_column_text][\/vc_column_inner][vc_column_inner width=&#8221;1\/3&#8243;][vc_single_image image=&#8221;1230&#8243; img_size=&#8221;full&#8221;][\/vc_column_inner][\/vc_row_inner][vc_row_inner][vc_column_inner][vc_empty_space height=&#8221;50px&#8221;][\/vc_column_inner][\/vc_row_inner][vc_row_inner][vc_column_inner width=&#8221;2\/3&#8243;][vc_custom_heading text=&#8221;Passo 3:&#8221; font_container=&#8221;tag:p|font_size:20|text_align:left|color:%23c4d600&#8243; use_theme_fonts=&#8221;yes&#8221;][vc_column_text]<span style=\"color: #333333;\">Aumente o di\u00e2metro da osteotomia em pequenos incrementos at\u00e9 atingir a expans\u00e3o pretendida. \u00c0 medida que o di\u00e2metro da broca aumenta, o osso expandir-se-\u00e1 lentamente at\u00e9 ao di\u00e2metro de expans\u00e3o final. <strong>O di\u00e2metro de expans\u00e3o final n\u00e3o deve exceder a f\u00f3rmula (largura inicial da crista + 1 mm).<\/strong> Por exemplo, se come\u00e7ar com uma crista de 3 mm, o di\u00e2metro m\u00e1ximo esperado da osteotomia final n\u00e3o deve exceder (3+1) = 4 mm.<\/span>[\/vc_column_text][\/vc_column_inner][vc_column_inner width=&#8221;1\/3&#8243;][vc_single_image image=&#8221;1232&#8243; img_size=&#8221;full&#8221;][\/vc_column_inner][\/vc_row_inner][vc_row_inner][vc_column_inner][vc_empty_space height=&#8221;50px&#8221;][\/vc_column_inner][\/vc_row_inner][vc_row_inner][vc_column_inner width=&#8221;2\/3&#8243;][vc_custom_heading text=&#8221;Passo 4:&#8221; font_container=&#8221;tag:p|font_size:20|text_align:left|color:%23c4d600&#8243; use_theme_fonts=&#8221;yes&#8221;][vc_column_text]<span style=\"color: #333333;\">Enxerte o alv\u00e9olo\/osteotomia rec\u00e9m-formado,<strong> incluindo a \u00e1rea circundante, com os materiais de aloenxerto \u00f3sseo da sua escolha, de prefer\u00eancia com uma propor\u00e7\u00e3o de osso esponjoso\/cortical de 70\/30. Utilize uma membrana e tente obter um fechamento prim\u00e1rio com m\u00ednima tens\u00e3o.<\/strong> Deixar cicatrizar durante 3-6 meses.<\/span>[\/vc_column_text][\/vc_column_inner][vc_column_inner width=&#8221;1\/3&#8243;][vc_single_image image=&#8221;1234&#8243; img_size=&#8221;full&#8221;][\/vc_column_inner][\/vc_row_inner][vc_row_inner][vc_column_inner][vc_empty_space height=&#8221;50px&#8221;][\/vc_column_inner][\/vc_row_inner][vc_row_inner][vc_column_inner width=&#8221;2\/3&#8243;][vc_custom_heading text=&#8221;Passo 5:&#8221; font_container=&#8221;tag:p|font_size:20|text_align:left|color:%23c4d600&#8243; use_theme_fonts=&#8221;yes&#8221;][vc_column_text]<span style=\"color: #333333;\">Acesse novamente o s\u00edtio realizando osseodensifica\u00e7\u00e3o para facilitar uma expans\u00e3o adicional, se necess\u00e1rio, e instale o implante. Utilize as brocas Densah\u00ae em incrementos menores. N\u00e3o sub instrumente osteotomia em menos de 0,5 mm \u2013 0,7 mm na maxila ou 0,2 mm \u2013 0,5 mm na mand\u00edbula.<\/span>[\/vc_column_text][\/vc_column_inner][vc_column_inner width=&#8221;1\/3&#8243;][vc_single_image image=&#8221;1236&#8243; img_size=&#8221;full&#8221;][\/vc_column_inner][\/vc_row_inner][vc_row_inner][vc_column_inner][vc_empty_space height=&#8221;50px&#8221;][\/vc_column_inner][\/vc_row_inner][vc_row_inner][vc_column_inner width=&#8221;2\/3&#8243;][vc_custom_heading text=&#8221;Passo 6:&#8221; font_container=&#8221;tag:p|font_size:20|text_align:left|color:%23c4d600&#8243; use_theme_fonts=&#8221;yes&#8221;][vc_column_text]<span style=\"color: #333333;\">Se utilizar o motor cir\u00fargico para colocar o implante no lugar, a unidade poder\u00e1 parar quando atingir o torque m\u00e1ximo de inser\u00e7\u00e3o. Termine a instala\u00e7\u00e3o do implante at\u00e9 \u00e0 profundidade pretendida manualmente com um torqu\u00edmetro. Os implantes de di\u00e2metro adequado devem ser inclu\u00eddos no planejamento e estarem dispon\u00edveis no procedimento cir\u00fargico.<\/span>[\/vc_column_text][\/vc_column_inner][vc_column_inner width=&#8221;1\/3&#8243;][vc_single_image image=&#8221;1238&#8243; img_size=&#8221;full&#8221;][\/vc_column_inner][\/vc_row_inner][vc_row_inner][vc_column_inner][vc_empty_space height=&#8221;50px&#8221;][vc_single_image image=&#8221;1240&#8243; img_size=&#8221;full&#8221; alignment=&#8221;center&#8221;][vc_column_text]<\/p>\n<div data-widget-id=\"ecf34c35-04ee-4d55-80f5-2b30c50127ca\" data-placement-id=\"b03f79d3-5287-4d86-b88e-4d16ee2698ae\" data-placement-status=\"ACTIVE\">\n<div>\n<div id=\"sd-simple-text-editable-ecf34c35-04ee-4d55-80f5-2b30c50127ca\" data-edit-mode=\"\">\n<p style=\"text-align: center;\">* Dados em arquivo, visite versahinternational.com\/od-published-papers\/ para consultar estudos de enxerto de expans\u00e3o guiada<br \/>\n** A avalia\u00e7\u00e3o e a experi\u00eancia do profissional devem ser aplicadas em conjunto com esta sugest\u00e3o de protocolo de utiliza\u00e7\u00e3o para pr\u00e1tica cl\u00ednica<\/p>\n<\/div>\n<\/div>\n<\/div>\n<p>[\/vc_column_text][\/vc_column_inner][\/vc_row_inner][\/vc_column][\/vc_row][vc_row][vc_column][vc_empty_space height=&#8221;100px&#8221;][vc_column_text]<\/p>\n<h6><span style=\"color: #808080;\"> 10894 REV00 \u00faltima atualiza\u00e7\u00e3o: 08\/2023<\/span><\/h6>\n<p>[\/vc_column_text][\/vc_column][\/vc_row]<\/p>\n<\/section>","protected":false},"excerpt":{"rendered":"<p>[vc_row][vc_column][vc_empty_space height=&#8221;100px&#8221;][vc_custom_heading text=&#8221;ENXERTO DE EXPANS\u00c3O GUIADA&#8221; font_container=&#8221;tag:p|font_size:35|text_align:center|color:%23c4d600&#8243; use_theme_fonts=&#8221;yes&#8221;][vc_btn title=&#8221;Baixar Protocolo&#8221; style=&#8221;outline-custom&#8221; outline_custom_color=&#8221;#c4d600&#8243; outline_custom_hover_background=&#8221;#666666&#8243; outline_custom_hover_text=&#8221;#ffffff&#8221; size=&#8221;lg&#8221; align=&#8221;center&#8221; link=&#8221;url:https%3A%2F%2Fversahinternational.com%2Fwp-content%2Fuploads%2F2023%2F12%2FPortuguese-Guided-Expansion-Graft-protocol-11035-REV00.pdf|title:Protocolo%20de%20expans%C3%A3o%20da%20crista%20facilitada&#8221;][vc_column_text] Para casos com<\/p>\n<p><a href=\"https:\/\/versahinternational.com\/pt-pt\/versatilidade-clinica\/enxerto-de-expansao-guiado-protocolo-de-aumento-em-2-fases\/\" class=\"more-link\">Continue reading<span class=\"screen-reader-text\">Expans\u00e3o de Crista com Regenera\u00e7\u00e3o \u00d3ssea Guiada: Protocolo de aumento em 2 fases<\/span><\/a><\/p>\n","protected":false},"author":2,"featured_media":0,"parent":11561,"menu_order":0,"comment_status":"closed","ping_status":"closed","template":"","meta":{"footnotes":""},"class_list":["post-11126","page","type-page","status-publish","hentry"],"jetpack_sharing_enabled":true,"_links":{"self":[{"href":"https:\/\/versahinternational.com\/pt-pt\/wp-json\/wp\/v2\/pages\/11126","targetHints":{"allow":["GET"]}}],"collection":[{"href":"https:\/\/versahinternational.com\/pt-pt\/wp-json\/wp\/v2\/pages"}],"about":[{"href":"https:\/\/versahinternational.com\/pt-pt\/wp-json\/wp\/v2\/types\/page"}],"author":[{"embeddable":true,"href":"https:\/\/versahinternational.com\/pt-pt\/wp-json\/wp\/v2\/users\/2"}],"replies":[{"embeddable":true,"href":"https:\/\/versahinternational.com\/pt-pt\/wp-json\/wp\/v2\/comments?post=11126"}],"version-history":[{"count":20,"href":"https:\/\/versahinternational.com\/pt-pt\/wp-json\/wp\/v2\/pages\/11126\/revisions"}],"predecessor-version":[{"id":17797,"href":"https:\/\/versahinternational.com\/pt-pt\/wp-json\/wp\/v2\/pages\/11126\/revisions\/17797"}],"up":[{"embeddable":true,"href":"https:\/\/versahinternational.com\/pt-pt\/wp-json\/wp\/v2\/pages\/11561"}],"wp:attachment":[{"href":"https:\/\/versahinternational.com\/pt-pt\/wp-json\/wp\/v2\/media?parent=11126"}],"curies":[{"name":"wp","href":"https:\/\/api.w.org\/{rel}","templated":true}]}}