{"id":11499,"date":"2023-07-12T18:30:59","date_gmt":"2023-07-12T18:30:59","guid":{"rendered":"https:\/\/versahinternational.com\/videos-educativos\/"},"modified":"2026-02-16T19:23:34","modified_gmt":"2026-02-16T19:23:34","slug":"videos-educativos","status":"publish","type":"page","link":"https:\/\/versahinternational.com\/pt-pt\/videos-educativos\/","title":{"rendered":"V\u00eddeos educativos"},"content":{"rendered":"<section class=\"wpb-content-wrapper\"><p>[vc_row][vc_column][vc_empty_space height=&#8221;100px&#8221;][vc_custom_heading text=&#8221;V\u00cdDEOS CL\u00cdNICOS SOBRE OSSEODENSIFICA\u00c7\u00c3O&#8221; font_container=&#8221;tag:p|font_size:35|text_align:center|color:%23c4d600&#8243; use_theme_fonts=&#8221;yes&#8221;][vc_empty_space height=&#8221;100px&#8221;][\/vc_column][\/vc_row][vc_row][vc_column width=&#8221;1\/6&#8243;][\/vc_column][vc_column width=&#8221;2\/3&#8243;][vc_custom_heading text=&#8221;Anima\u00e7\u00e3o da Tecnologia de Brocas Densah\u00ae&#8221; font_container=&#8221;tag:p|font_size:25|text_align:center|color:%23c4d600&#8243; use_theme_fonts=&#8221;yes&#8221; css=&#8221;.vc_custom_1704231187089{background-color: #333333 !important;}&#8221;][vc_video link=&#8221;https:\/\/vimeo.com\/892004892&#8243; align=&#8221;center&#8221;][vc_empty_space height=&#8221;100px&#8221;][\/vc_column][vc_column width=&#8221;1\/6&#8243;][\/vc_column][\/vc_row][vc_row][vc_column width=&#8221;1\/2&#8243;][vc_custom_heading text=&#8221;Anima\u00e7\u00e3o do sistema de cirurgia guiada da Versah\u00ae&#8221; font_container=&#8221;tag:p|font_size:25|text_align:center|color:%23c4d600&#8243; use_theme_fonts=&#8221;yes&#8221; css=&#8221;.vc_custom_1689791145736{background-color: #333333 !important;}&#8221;][vc_video link=&#8221;https:\/\/vimeo.com\/1135919577?fl=ip&amp;fe=ec&#8221; align=&#8221;center&#8221;][\/vc_column][vc_column width=&#8221;1\/2&#8243;][vc_custom_heading text=&#8221;Anima\u00e7\u00e3o sobre as brocas Versah\u00ae ZGO\u2122 Densah\u00ae&#8221; font_container=&#8221;tag:p|font_size:25|text_align:center|color:%23c4d600&#8243; use_theme_fonts=&#8221;yes&#8221; css=&#8221;.vc_custom_1689791157076{background-color: #333333 !important;}&#8221;][vc_video link=&#8221;https:\/\/vimeo.com\/680455876&#8243; align=&#8221;center&#8221;][\/vc_column][\/vc_row][vc_row][vc_column][vc_empty_space height=&#8221;50px&#8221;][vc_separator][vc_empty_space height=&#8221;50px&#8221;][\/vc_column][\/vc_row][vc_row][vc_column width=&#8221;1\/2&#8243;][vc_video link=&#8221;https:\/\/player.vimeo.com\/video\/139370157?color=c5d600&amp;title=0&amp;byline=0&amp;portrait=0&#8243; align=&#8221;center&#8221;][\/vc_column][vc_column width=&#8221;1\/2&#8243;][vc_video link=&#8221;https:\/\/player.vimeo.com\/video\/116006204?color=c5d600&amp;title=0&amp;byline=0&amp;portrait=0&#8243; align=&#8221;center&#8221;][\/vc_column][\/vc_row][vc_row][vc_column][vc_empty_space height=&#8221;50px&#8221;][vc_separator][vc_empty_space height=&#8221;50px&#8221;][\/vc_column][\/vc_row][vc_row][vc_column width=&#8221;1\/2&#8243;][vc_video link=&#8221;https:\/\/player.vimeo.com\/video\/116069019?color=c5d600&amp;title=0&amp;byline=0&amp;portrait=0&#8243; align=&#8221;center&#8221;][\/vc_column][vc_column width=&#8221;1\/2&#8243;][vc_video link=&#8221;https:\/\/player.vimeo.com\/video\/116011255?color=c5d600&amp;title=0&amp;byline=0&amp;portrait=0&#8243; align=&#8221;center&#8221;][\/vc_column][\/vc_row][vc_row][vc_column][vc_empty_space height=&#8221;50px&#8221;][vc_separator][vc_empty_space height=&#8221;50px&#8221;][\/vc_column][\/vc_row][vc_row][vc_column width=&#8221;1\/2&#8243;][vc_video link=&#8221;https:\/\/player.vimeo.com\/video\/116007823?color=c5d600&amp;title=0&amp;byline=0&amp;portrait=0&#8243; align=&#8221;center&#8221;][\/vc_column][vc_column width=&#8221;1\/2&#8243;][vc_video link=&#8221;https:\/\/player.vimeo.com\/video\/116061921?color=c5d600&amp;title=0&amp;byline=0&amp;portrait=0&#8243; align=&#8221;center&#8221;][\/vc_column][\/vc_row][vc_row][vc_column][vc_empty_space height=&#8221;50px&#8221;][vc_separator][vc_empty_space height=&#8221;50px&#8221;][\/vc_column][\/vc_row][vc_row][vc_column width=&#8221;1\/2&#8243;][vc_video link=&#8221;https:\/\/player.vimeo.com\/video\/116062702?color=c5d600&amp;title=0&amp;byline=0&amp;portrait=0&#8243; align=&#8221;center&#8221;][\/vc_column][vc_column width=&#8221;1\/2&#8243;][vc_video link=&#8221;https:\/\/player.vimeo.com\/video\/116008921?color=c5d600&amp;title=0&amp;byline=0&amp;portrait=0&#8243; align=&#8221;center&#8221;][\/vc_column][\/vc_row][vc_row][vc_column][vc_empty_space height=&#8221;50px&#8221;][vc_separator][vc_empty_space height=&#8221;50px&#8221;][\/vc_column][\/vc_row][vc_row][vc_column width=&#8221;1\/2&#8243;][vc_video link=&#8221;https:\/\/player.vimeo.com\/video\/116012338?color=c5d600&amp;title=0&amp;byline=0&amp;portrait=0&#8243; align=&#8221;center&#8221;][\/vc_column][vc_column width=&#8221;1\/2&#8243;][vc_video link=&#8221;https:\/\/player.vimeo.com\/video\/116060207?color=c5d600&amp;title=0&amp;byline=0&amp;portrait=0&#8243; align=&#8221;center&#8221;][\/vc_column][\/vc_row][vc_row][vc_column][vc_empty_space height=&#8221;50px&#8221;][vc_separator][vc_empty_space height=&#8221;50px&#8221;][\/vc_column][\/vc_row][vc_row][vc_column width=&#8221;1\/2&#8243;][vc_video link=&#8221;https:\/\/player.vimeo.com\/video\/116064036?color=c5d600&amp;title=0&amp;byline=0&amp;portrait=0&#8243; align=&#8221;center&#8221;][\/vc_column][vc_column width=&#8221;1\/2&#8243;][\/vc_column][\/vc_row][vc_row][vc_column][vc_empty_space height=&#8221;100px&#8221;][vc_column_text]<\/p>\n<h6><span style=\"color: #808080;\">10905 REV00 \u00faltima atualiza\u00e7\u00e3o: 08\/2023<\/span><\/h6>\n<p>[\/vc_column_text][\/vc_column][\/vc_row]<\/p>\n<\/section>","protected":false},"excerpt":{"rendered":"<p>[vc_row][vc_column][vc_empty_space height=&#8221;100px&#8221;][vc_custom_heading text=&#8221;V\u00cdDEOS CL\u00cdNICOS SOBRE OSSEODENSIFICA\u00c7\u00c3O&#8221; font_container=&#8221;tag:p|font_size:35|text_align:center|color:%23c4d600&#8243; use_theme_fonts=&#8221;yes&#8221;][vc_empty_space height=&#8221;100px&#8221;][\/vc_column][\/vc_row][vc_row][vc_column width=&#8221;1\/6&#8243;][\/vc_column][vc_column width=&#8221;2\/3&#8243;][vc_custom_heading text=&#8221;Anima\u00e7\u00e3o da Tecnologia de Brocas Densah\u00ae&#8221; font_container=&#8221;tag:p|font_size:25|text_align:center|color:%23c4d600&#8243; use_theme_fonts=&#8221;yes&#8221; css=&#8221;.vc_custom_1704231187089{background-color:<\/p>\n<p><a href=\"https:\/\/versahinternational.com\/pt-pt\/videos-educativos\/\" class=\"more-link\">Continue reading<span class=\"screen-reader-text\">V\u00eddeos educativos<\/span><\/a><\/p>\n","protected":false},"author":2,"featured_media":0,"parent":0,"menu_order":0,"comment_status":"closed","ping_status":"closed","template":"","meta":{"footnotes":""},"class_list":["post-11499","page","type-page","status-publish","hentry"],"jetpack_sharing_enabled":true,"_links":{"self":[{"href":"https:\/\/versahinternational.com\/pt-pt\/wp-json\/wp\/v2\/pages\/11499","targetHints":{"allow":["GET"]}}],"collection":[{"href":"https:\/\/versahinternational.com\/pt-pt\/wp-json\/wp\/v2\/pages"}],"about":[{"href":"https:\/\/versahinternational.com\/pt-pt\/wp-json\/wp\/v2\/types\/page"}],"author":[{"embeddable":true,"href":"https:\/\/versahinternational.com\/pt-pt\/wp-json\/wp\/v2\/users\/2"}],"replies":[{"embeddable":true,"href":"https:\/\/versahinternational.com\/pt-pt\/wp-json\/wp\/v2\/comments?post=11499"}],"version-history":[{"count":13,"href":"https:\/\/versahinternational.com\/pt-pt\/wp-json\/wp\/v2\/pages\/11499\/revisions"}],"predecessor-version":[{"id":26867,"href":"https:\/\/versahinternational.com\/pt-pt\/wp-json\/wp\/v2\/pages\/11499\/revisions\/26867"}],"wp:attachment":[{"href":"https:\/\/versahinternational.com\/pt-pt\/wp-json\/wp\/v2\/media?parent=11499"}],"curies":[{"name":"wp","href":"https:\/\/api.w.org\/{rel}","templated":true}]}}