{"id":4077,"date":"2023-07-12T18:54:01","date_gmt":"2023-07-12T18:54:01","guid":{"rendered":"https:\/\/versahinternational.com\/inicio\/"},"modified":"2026-02-05T21:28:36","modified_gmt":"2026-02-05T21:28:36","slug":"inicio","status":"publish","type":"page","link":"https:\/\/versahinternational.com\/pt-pt\/","title":{"rendered":"P\u00e1gina inicial"},"content":{"rendered":"<section class=\"wpb-content-wrapper\"><p>[vc_row][vc_column][vc_row_inner][vc_column_inner][vc_empty_space height=&#8221;50px&#8221;][vc_single_image image=&#8221;23127&#8243; img_size=&#8221;full&#8221; alignment=&#8221;center&#8221;][vc_custom_heading text=&#8221;Versatilidade cl\u00ednica&#8221; font_container=&#8221;tag:p|font_size:25|text_align:center|color:%23c4d600&#8243; use_theme_fonts=&#8221;yes&#8221;][vc_column_text]<\/p>\n<p style=\"text-align: center;\"><span style=\"color: #ffffff;\">As brocas Densah\u00ae foram concebidas para criar osteotomias para a instala\u00e7\u00e3o de implantes dent\u00e1rios<\/span><\/p>\n<p>[\/vc_column_text][\/vc_column_inner][\/vc_row_inner][vc_row_inner][vc_column_inner width=&#8221;1\/6&#8243;][vc_single_image image=&#8221;3375&#8243; alignment=&#8221;center&#8221; onclick=&#8221;custom_link&#8221; link=&#8221;https:\/\/versahinternational.com\/pt-pt\/versatilidade-clinica\/&#8221;][vc_column_text]<\/p>\n<h6 style=\"text-align: center;\"><span style=\"color: #ffffff;\">Eleva\u00e7\u00e3o do seio maxilar<\/span><\/h6>\n<p>[\/vc_column_text][\/vc_column_inner][vc_column_inner width=&#8221;1\/6&#8243;][vc_single_image image=&#8221;3390&#8243; alignment=&#8221;center&#8221; onclick=&#8221;custom_link&#8221; link=&#8221;https:\/\/versahinternational.com\/pt-pt\/versatilidade-clinica\/&#8221;][vc_column_text]<\/p>\n<h6 style=\"text-align: center;\"><span style=\"color: #ffffff;\">Cristas com espessura limi<\/span><\/h6>\n<p>[\/vc_column_text][\/vc_column_inner][vc_column_inner width=&#8221;1\/6&#8243;][vc_single_image image=&#8221;3405&#8243; alignment=&#8221;center&#8221; onclick=&#8221;custom_link&#8221; link=&#8221;https:\/\/versahinternational.com\/pt-pt\/versatilidade-clinica\/&#8221;][vc_column_text]<\/p>\n<h6 style=\"text-align: center;\"><span style=\"color: #ffffff;\">Instala\u00e7\u00e3o imediata de implantes<\/span><\/h6>\n<p>[\/vc_column_text][\/vc_column_inner][vc_column_inner width=&#8221;1\/6&#8243;][vc_single_image image=&#8221;3420&#8243; alignment=&#8221;center&#8221; onclick=&#8221;custom_link&#8221; link=&#8221;https:\/\/versahinternational.com\/pt-pt\/versatilidade-clinica\/&#8221;][vc_column_text]<\/p>\n<h6 style=\"text-align: center;\"><span style=\"color: #ffffff;\">Expans\u00e3o do septo de molar<\/span><\/h6>\n<p>[\/vc_column_text][\/vc_column_inner][vc_column_inner width=&#8221;1\/6&#8243;][vc_single_image image=&#8221;3435&#8243; alignment=&#8221;center&#8221; onclick=&#8221;custom_link&#8221; link=&#8221;https:\/\/versahinternational.com\/pt-pt\/versatilidade-clinica\/&#8221;][vc_column_text]<\/p>\n<h6 style=\"text-align: center;\"><span style=\"color: #ffffff;\">Instala\u00e7\u00e3o de implantes zigom\u00e1ticos<\/span><\/h6>\n<p>[\/vc_column_text][\/vc_column_inner][vc_column_inner width=&#8221;1\/6&#8243;][vc_single_image image=&#8221;3450&#8243; alignment=&#8221;center&#8221; onclick=&#8221;custom_link&#8221; link=&#8221;https:\/\/versahinternational.com\/pt-pt\/versatilidade-clinica\/&#8221;][vc_column_text]<\/p>\n<h6 style=\"text-align: center;\"><span style=\"color: #ffffff;\">A\u00e7\u00e3o de modo duplo<\/span><\/h6>\n<p>[\/vc_column_text][\/vc_column_inner][\/vc_row_inner][\/vc_column][\/vc_row][vc_row][vc_column][vc_row_inner disable_element=&#8221;yes&#8221;][vc_column_inner][vc_images_carousel images=&#8221;19103,19117,19132,19146&#8243; img_size=&#8221;full&#8221; onclick=&#8221;custom_link&#8221; speed=&#8221;3000&#8243; autoplay=&#8221;yes&#8221; wrap=&#8221;yes&#8221;][vc_empty_space height=&#8221;80px&#8221;][\/vc_column_inner][\/vc_row_inner][vc_row_inner][vc_column_inner width=&#8221;1\/3&#8243;][vc_single_image image=&#8221;26711&#8243; img_size=&#8221;full&#8221; alignment=&#8221;center&#8221;][vc_column_text]<\/p>\n<p style=\"text-align: center;\"><span style=\"color: #ffffff;\"><strong>Kit universal completo de brocas Densah para cirurgia guiada<\/strong><\/span><\/p>\n<p>[\/vc_column_text][\/vc_column_inner][vc_column_inner width=&#8221;1\/3&#8243;][vc_single_image image=&#8221;15729&#8243; img_size=&#8221;large&#8221; alignment=&#8221;center&#8221;][vc_column_text]<\/p>\n<p style=\"text-align: center;\"><span style=\"color: #ffffff;\"><strong>Kit universal de brocas Densah\u00ae com broca piloto c\u00f3nica (brocas Densah\u00ae normais e curtas)<\/strong><\/span><\/p>\n<p>[\/vc_column_text][\/vc_column_inner][vc_column_inner width=&#8221;1\/3&#8243;][vc_single_image image=&#8221;3585&#8243; img_size=&#8221;full&#8221; alignment=&#8221;center&#8221;][vc_empty_space height=&#8221;50px&#8221;][vc_column_text]<\/p>\n<p style=\"text-align: center;\"><span style=\"color: #ffffff;\"><strong>Kit de brocas universal ZGO\u2122 DENSAH\u00ae<\/strong><\/span><\/p>\n<p>[\/vc_column_text][\/vc_column_inner][\/vc_row_inner][vc_row_inner][vc_column_inner][vc_empty_space height=&#8221;50px&#8221;][vc_separator color=&#8221;custom&#8221; accent_color=&#8221;#d3d3d3&#8243;][vc_empty_space height=&#8221;50px&#8221;][\/vc_column_inner][\/vc_row_inner][vc_row_inner][vc_column_inner][vc_single_image image=&#8221;26662&#8243; img_size=&#8221;full&#8221; alignment=&#8221;center&#8221; onclick=&#8221;custom_link&#8221; link=&#8221;https:\/\/versahinternational.com\/pt-pt\/versatilidade-clinica\/guia-de-referencia-para-perfuracao-de-sistemas-de-implantes-drg\/&#8221;][vc_btn title=&#8221;Saiba mais sobre o Guia de refer\u00eancia de perfura\u00e7\u00e3o para o sistema de implantes&#8221; style=&#8221;outline-custom&#8221; outline_custom_color=&#8221;#c4d600&#8243; outline_custom_hover_background=&#8221;#666666&#8243; outline_custom_hover_text=&#8221;#ffffff&#8221; size=&#8221;lg&#8221; align=&#8221;center&#8221; link=&#8221;url:https%3A%2F%2Fversahinternational.com%2Fpt-pt%2Fversatilidade-clinica%2Fguia-de-referencia-para-perfuracao-de-sistemas-de-implantes-drg%2F|&#8221;][vc_empty_space height=&#8221;50px&#8221;][vc_separator color=&#8221;custom&#8221; accent_color=&#8221;#d3d3d3&#8243;][vc_empty_space height=&#8221;50px&#8221;][\/vc_column_inner][\/vc_row_inner][vc_row_inner][vc_column_inner width=&#8221;1\/2&#8243;][vc_single_image image=&#8221;3525&#8243; img_size=&#8221;full&#8221; alignment=&#8221;center&#8221; onclick=&#8221;custom_link&#8221; link=&#8221;https:\/\/versahinternational.com\/pt-pt\/zgo-densah-brocas\/&#8221;][vc_btn title=&#8221;Saiba mais sobre a broca ZGO Densah&#8221; style=&#8221;outline-custom&#8221; outline_custom_color=&#8221;#c4d600&#8243; outline_custom_hover_background=&#8221;#666666&#8243; outline_custom_hover_text=&#8221;#ffffff&#8221; size=&#8221;lg&#8221; align=&#8221;center&#8221; link=&#8221;url:https%3A%2F%2Fversahinternational.com%2Fpt-pt%2Fzgo-densah-brocas%2F|&#8221;][\/vc_column_inner][vc_column_inner width=&#8221;1\/2&#8243;][vc_single_image image=&#8221;26637&#8243; img_size=&#8221;full&#8221; alignment=&#8221;center&#8221; onclick=&#8221;custom_link&#8221; link=&#8221;https:\/\/versahinternational.com\/pt-pt\/sistema-de-cirurgia-guiada\/&#8221;][vc_btn title=&#8221;Saiba mais sobre o sistema de cirurgia guiada&#8221; style=&#8221;outline-custom&#8221; outline_custom_color=&#8221;#c4d600&#8243; outline_custom_hover_background=&#8221;#666666&#8243; outline_custom_hover_text=&#8221;#ffffff&#8221; size=&#8221;lg&#8221; align=&#8221;center&#8221; link=&#8221;url:https%3A%2F%2Fversahinternational.com%2Fpt-pt%2Fsistema-de-cirurgia-guiada%2F|&#8221;][\/vc_column_inner][\/vc_row_inner][vc_row_inner][vc_column_inner][vc_empty_space height=&#8221;100px&#8221;][vc_column_text]<\/p>\n<h6><span style=\"color: #808080;\"> 10882 REV01 \u00faltima atualiza\u00e7\u00e3o: 2\/2026<\/span><\/h6>\n<p>[\/vc_column_text][\/vc_column_inner][\/vc_row_inner][\/vc_column][\/vc_row]<\/p>\n<\/section>","protected":false},"excerpt":{"rendered":"<p>[vc_row][vc_column][vc_row_inner][vc_column_inner][vc_empty_space height=&#8221;50px&#8221;][vc_single_image image=&#8221;23127&#8243; img_size=&#8221;full&#8221; alignment=&#8221;center&#8221;][vc_custom_heading text=&#8221;Versatilidade cl\u00ednica&#8221; font_container=&#8221;tag:p|font_size:25|text_align:center|color:%23c4d600&#8243; use_theme_fonts=&#8221;yes&#8221;][vc_column_text] As brocas Densah\u00ae foram concebidas para criar osteotomias para a instala\u00e7\u00e3o<\/p>\n<p><a href=\"https:\/\/versahinternational.com\/pt-pt\/\" class=\"more-link\">Continue reading<span class=\"screen-reader-text\">P\u00e1gina inicial<\/span><\/a><\/p>\n","protected":false},"author":2,"featured_media":0,"parent":0,"menu_order":0,"comment_status":"closed","ping_status":"closed","template":"","meta":{"footnotes":""},"class_list":["post-4077","page","type-page","status-publish","hentry"],"jetpack_sharing_enabled":true,"_links":{"self":[{"href":"https:\/\/versahinternational.com\/pt-pt\/wp-json\/wp\/v2\/pages\/4077","targetHints":{"allow":["GET"]}}],"collection":[{"href":"https:\/\/versahinternational.com\/pt-pt\/wp-json\/wp\/v2\/pages"}],"about":[{"href":"https:\/\/versahinternational.com\/pt-pt\/wp-json\/wp\/v2\/types\/page"}],"author":[{"embeddable":true,"href":"https:\/\/versahinternational.com\/pt-pt\/wp-json\/wp\/v2\/users\/2"}],"replies":[{"embeddable":true,"href":"https:\/\/versahinternational.com\/pt-pt\/wp-json\/wp\/v2\/comments?post=4077"}],"version-history":[{"count":25,"href":"https:\/\/versahinternational.com\/pt-pt\/wp-json\/wp\/v2\/pages\/4077\/revisions"}],"predecessor-version":[{"id":26726,"href":"https:\/\/versahinternational.com\/pt-pt\/wp-json\/wp\/v2\/pages\/4077\/revisions\/26726"}],"wp:attachment":[{"href":"https:\/\/versahinternational.com\/pt-pt\/wp-json\/wp\/v2\/media?parent=4077"}],"curies":[{"name":"wp","href":"https:\/\/api.w.org\/{rel}","templated":true}]}}