{"id":9430,"date":"2023-07-17T18:07:03","date_gmt":"2023-07-17T18:07:03","guid":{"rendered":"https:\/\/versahinternational.com\/zgo-densah-brocas\/"},"modified":"2025-03-18T16:16:32","modified_gmt":"2025-03-18T16:16:32","slug":"zgo-densah-brocas","status":"publish","type":"page","link":"https:\/\/versahinternational.com\/pt-pt\/zgo-densah-brocas\/","title":{"rendered":"BROCAS ZGO\u2122 DENSAH\u00ae"},"content":{"rendered":"<section class=\"wpb-content-wrapper\"><p>[vc_row][vc_column][vc_row_inner][vc_column_inner][vc_empty_space height=&#8221;100px&#8221;][vc_custom_heading text=&#8221;BROCAS ZGO\u2122 DENSAH\u00ae&#8221; font_container=&#8221;tag:p|font_size:35|text_align:center|color:%23c4d600&#8243; use_theme_fonts=&#8221;yes&#8221;][\/vc_column_inner][\/vc_row_inner][vc_row_inner][vc_column_inner width=&#8221;3\/4&#8243;][vc_single_image image=&#8221;25258&#8243; img_size=&#8221;full&#8221; alignment=&#8221;center&#8221;][\/vc_column_inner][vc_column_inner width=&#8221;1\/4&#8243;][vc_empty_space height=&#8221;150px&#8221;][vc_column_text]<\/p>\n<p style=\"text-align: left;\"><span style=\"color: #ffffff;\"><strong>Inclu\u00eddo no kit:<\/strong><\/span><br \/>\n<span style=\"color: #ffffff;\">\u2022 2 brocas piloto c\u00f3nicas ZGO\u2122 <\/span><br \/>\n<span style=\"color: #ffffff;\">\u2022 4 brocas ZGO\u2122 Densah\u00ae &#8211; 65 mm <\/span><br \/>\n<span style=\"color: #ffffff;\">\u2022 4 brocas ZGO\u2122 Densah\u00ae &#8211; 90 mm<\/span><br \/>\n<span style=\"color: #ffffff;\">\u2022 1 Suporte universal para brocas ZGO\u2122 Densah\u00ae <\/span><\/p>\n<p>[\/vc_column_text][\/vc_column_inner][\/vc_row_inner][vc_row_inner][vc_column_inner][vc_empty_space height=&#8221;100px&#8221;][vc_custom_heading text=&#8221;V\u00eddeo sobre as brocas ZGO\u2122 Densah\u00ae&#8221; font_container=&#8221;tag:p|font_size:25|text_align:center|color:%23c4d600&#8243; use_theme_fonts=&#8221;yes&#8221; css=&#8221;.vc_custom_1689774628974{background-color: #333333 !important;}&#8221;][vc_video link=&#8221;https:\/\/vimeo.com\/680455876&#8243; align=&#8221;center&#8221;][vc_video link=&#8221;https:\/\/vimeo.com\/680461760&#8243; align=&#8221;center&#8221;][\/vc_column_inner][\/vc_row_inner][vc_row_inner][vc_column_inner][vc_empty_space height=&#8221;100px&#8221;][vc_custom_heading text=&#8221;Protocolo zigom\u00e1tico&#8221; font_container=&#8221;tag:p|font_size:25|text_align:center|color:%23c4d600&#8243; use_theme_fonts=&#8221;yes&#8221; css=&#8221;.vc_custom_1689774698181{background-color: #333333 !important;}&#8221;][vc_empty_space height=&#8221;50px&#8221;][vc_column_text]<\/p>\n<p style=\"text-align: center;\"><strong><span style=\"color: #ffffff;\">Protocolo zigom\u00e1tico intra-maxilar intra\/extra-sinusal I\/II<\/span><\/strong><\/p>\n<p>[\/vc_column_text][vc_btn title=&#8221;Ler protocolo I\/II&#8221; style=&#8221;outline-custom&#8221; outline_custom_color=&#8221;#c4d600&#8243; outline_custom_hover_background=&#8221;#666666&#8243; outline_custom_hover_text=&#8221;#ffffff&#8221; size=&#8221;lg&#8221; align=&#8221;center&#8221; link=&#8221;url:https%3A%2F%2Fversahinternational.com%2Fpt-pt%2Fversatilidade-clinica%2Fprotocolo-zgo-tipo-i-ii%2F|&#8221;][vc_single_image image=&#8221;15790&#8243; img_size=&#8221;full&#8221; alignment=&#8221;center&#8221;][vc_empty_space height=&#8221;100px&#8221;][vc_separator color=&#8221;custom&#8221; accent_color=&#8221;#c4d600&#8243;][vc_column_text]<\/p>\n<p style=\"text-align: center;\"><strong><span style=\"color: #ffffff;\">Protocolo zigom\u00e1tico extra-sinusal intra-maxilar III<\/span><\/strong><\/p>\n<p>[\/vc_column_text][vc_btn title=&#8221;Ler o protocolo III&#8221; style=&#8221;outline-custom&#8221; outline_custom_color=&#8221;#c4d600&#8243; outline_custom_hover_background=&#8221;#666666&#8243; outline_custom_hover_text=&#8221;#ffffff&#8221; size=&#8221;lg&#8221; align=&#8221;center&#8221; link=&#8221;url:https%3A%2F%2Fversahinternational.com%2Fpt-pt%2Fversatilidade-clinica%2Fprotocolo-zgo-tipo-iii%2F|title:Protocolo%20ZGO%20tipo%20III|&#8221;][vc_single_image image=&#8221;15804&#8243; img_size=&#8221;full&#8221; alignment=&#8221;center&#8221;][vc_empty_space height=&#8221;100px&#8221;][vc_separator color=&#8221;custom&#8221; accent_color=&#8221;#c4d600&#8243;][vc_column_text]<\/p>\n<p style=\"text-align: center;\"><strong><span style=\"color: #ffffff;\">Protocolo zigom\u00e1tico extra-maxilar extra-sinusal IV<\/span><\/strong><\/p>\n<p>[\/vc_column_text][vc_btn title=&#8221;Ler o protocolo IV&#8221; style=&#8221;outline-custom&#8221; outline_custom_color=&#8221;#c4d600&#8243; outline_custom_hover_background=&#8221;#666666&#8243; outline_custom_hover_text=&#8221;#ffffff&#8221; size=&#8221;lg&#8221; align=&#8221;center&#8221; link=&#8221;url:https%3A%2F%2Fversahinternational.com%2Fpt-pt%2Fversatilidade-clinica%2Fprotocolo-zgo-tipo-iv%2F|title:Protocolo%20ZGO%20tipo%20IV|&#8221;][vc_single_image image=&#8221;15818&#8243; img_size=&#8221;full&#8221; alignment=&#8221;center&#8221;][\/vc_column_inner][\/vc_row_inner][\/vc_column][\/vc_row][vc_row][vc_column][vc_empty_space height=&#8221;100px&#8221;][vc_column_text]<\/p>\n<h6><span style=\"color: #808080;\"> 10904 REV01 \u00faltima atualiza\u00e7\u00e3o: 3\/2025<\/span><\/h6>\n<p>[\/vc_column_text][\/vc_column][\/vc_row]<\/p>\n<\/section>","protected":false},"excerpt":{"rendered":"<p>[vc_row][vc_column][vc_row_inner][vc_column_inner][vc_empty_space height=&#8221;100px&#8221;][vc_custom_heading text=&#8221;BROCAS ZGO\u2122 DENSAH\u00ae&#8221; font_container=&#8221;tag:p|font_size:35|text_align:center|color:%23c4d600&#8243; use_theme_fonts=&#8221;yes&#8221;][\/vc_column_inner][\/vc_row_inner][vc_row_inner][vc_column_inner width=&#8221;3\/4&#8243;][vc_single_image image=&#8221;25258&#8243; img_size=&#8221;full&#8221; alignment=&#8221;center&#8221;][\/vc_column_inner][vc_column_inner width=&#8221;1\/4&#8243;][vc_empty_space height=&#8221;150px&#8221;][vc_column_text] Inclu\u00eddo no kit: \u2022 2 brocas piloto<\/p>\n<p><a href=\"https:\/\/versahinternational.com\/pt-pt\/zgo-densah-brocas\/\" class=\"more-link\">Continue reading<span class=\"screen-reader-text\">BROCAS ZGO\u2122 DENSAH\u00ae<\/span><\/a><\/p>\n","protected":false},"author":2,"featured_media":0,"parent":0,"menu_order":0,"comment_status":"closed","ping_status":"closed","template":"","meta":{"footnotes":""},"class_list":["post-9430","page","type-page","status-publish","hentry"],"jetpack_sharing_enabled":true,"_links":{"self":[{"href":"https:\/\/versahinternational.com\/pt-pt\/wp-json\/wp\/v2\/pages\/9430","targetHints":{"allow":["GET"]}}],"collection":[{"href":"https:\/\/versahinternational.com\/pt-pt\/wp-json\/wp\/v2\/pages"}],"about":[{"href":"https:\/\/versahinternational.com\/pt-pt\/wp-json\/wp\/v2\/types\/page"}],"author":[{"embeddable":true,"href":"https:\/\/versahinternational.com\/pt-pt\/wp-json\/wp\/v2\/users\/2"}],"replies":[{"embeddable":true,"href":"https:\/\/versahinternational.com\/pt-pt\/wp-json\/wp\/v2\/comments?post=9430"}],"version-history":[{"count":12,"href":"https:\/\/versahinternational.com\/pt-pt\/wp-json\/wp\/v2\/pages\/9430\/revisions"}],"predecessor-version":[{"id":25267,"href":"https:\/\/versahinternational.com\/pt-pt\/wp-json\/wp\/v2\/pages\/9430\/revisions\/25267"}],"wp:attachment":[{"href":"https:\/\/versahinternational.com\/pt-pt\/wp-json\/wp\/v2\/media?parent=9430"}],"curies":[{"name":"wp","href":"https:\/\/api.w.org\/{rel}","templated":true}]}}