{"id":9612,"date":"2023-07-18T18:32:06","date_gmt":"2023-07-18T18:32:06","guid":{"rendered":"https:\/\/versahinternational.com\/protocolo-zgo-tipo-iv\/"},"modified":"2023-12-04T21:26:18","modified_gmt":"2023-12-04T21:26:18","slug":"protocolo-zgo-tipo-iv","status":"publish","type":"page","link":"https:\/\/versahinternational.com\/pt-pt\/versatilidade-clinica\/protocolo-zgo-tipo-iv\/","title":{"rendered":"Protocolo ZGO Tipo IV"},"content":{"rendered":"<section class=\"wpb-content-wrapper\"><p>[vc_row][vc_column][vc_empty_space height=&#8221;100px&#8221;][vc_custom_heading text=&#8221;PROTOCOLO ZIGOM\u00c1TICO EXTRA-MAXILAR EXTRA-SINUSAL IV&#8221; font_container=&#8221;tag:p|font_size:35|text_align:center|color:%23c4d600&#8243; use_theme_fonts=&#8221;yes&#8221;][vc_btn title=&#8221;Baixar Protocolo&#8221; style=&#8221;outline-custom&#8221; outline_custom_color=&#8221;#c4d600&#8243; outline_custom_hover_background=&#8221;#666666&#8243; outline_custom_hover_text=&#8221;#ffffff&#8221; size=&#8221;lg&#8221; align=&#8221;center&#8221; link=&#8221;url:https%3A%2F%2Fversahinternational.com%2Fwp-content%2Fuploads%2F2023%2F12%2FPortuguese-ZGO-Protocol-IV-11039-REV00.pdf|title:Protocolo%20de%20expans%C3%A3o%20da%20crista%20facilitada&#8221;][\/vc_column][\/vc_row][vc_row][vc_column css=&#8221;.vc_custom_1690381239585{background-color: #ffffff !important;}&#8221;][vc_separator][vc_row_inner][vc_column_inner width=&#8221;2\/3&#8243;][vc_column_text]<\/p>\n<div data-widget-id=\"ecf34c35-04ee-4d55-80f5-2b30c50127ca\" data-placement-id=\"b03f79d3-5287-4d86-b88e-4d16ee2698ae\" data-placement-status=\"ACTIVE\">\n<div class=\"sd-simple-text-ecf34c35-04ee-4d55-80f5-2b30c50127ca \">\n<div id=\"sd-simple-text-editable-ecf34c35-04ee-4d55-80f5-2b30c50127ca\" data-edit-mode=\"\">\n<p><span style=\"color: #c4d600 !important;\"><strong>Vis\u00e3o geral: <\/strong><\/span><\/p>\n<\/div>\n<\/div>\n<\/div>\n<div data-widget-id=\"ebb0fe0c-d3bb-4469-819e-748e87ebe8d3\" data-placement-id=\"eb822ecd-15a8-4eb2-92d0-a209d804bd0a\" data-placement-status=\"ACTIVE\">\n<div class=\"sd-simple-text-ebb0fe0c-d3bb-4469-819e-748e87ebe8d3 \">\n<div id=\"sd-simple-text-editable-ebb0fe0c-d3bb-4469-819e-748e87ebe8d3\" data-edit-mode=\"\">\n<p><span style=\"color: #222222 !important;\"><strong>Este protocolo ZGO IV segue uma via extra-maxilar.<\/strong> A maxila e o osso alveolar apresentam uma atrofia vertical e horizontal extrema. <strong>A via \u00e9 extra-maxilar com um trajeto totalmente extra-sinusal.<\/strong> A cabe\u00e7a do implante est\u00e1 localizada vestibularmente \u00e0 crista alveolar, normalmente numa osteotomia de &#8220;canal&#8221; superficial. A maior parte do corpo do implante zigom\u00e1tico tem uma via extra-sinusal\/extra-maxilar. A parte coronal do implante zigom\u00e1tico \u00e9 extra-maxilar, normalmente numa osteotomia em <strong>&#8220;canal&#8221;<\/strong>, enquanto a parte apical do implante \u00e9 rodeada por osso numa osteotomia em <strong>&#8220;t\u00fanel&#8221;<\/strong> no osso zigom\u00e1tico. O implante zigom\u00e1tico entra em contacto com o osso no osso zigom\u00e1tico e com parte da parede externa do seio lateral. <\/span><\/p>\n<\/div>\n<\/div>\n<\/div>\n<p>[\/vc_column_text][\/vc_column_inner][vc_column_inner width=&#8221;1\/3&#8243;][vc_single_image image=&#8221;1317&#8243; img_size=&#8221;full&#8221;][\/vc_column_inner][\/vc_row_inner][vc_separator][vc_empty_space height=&#8221;50px&#8221;][vc_row_inner][vc_column_inner width=&#8221;2\/3&#8243;][vc_custom_heading text=&#8221;Passo 1:&#8221; font_container=&#8221;tag:p|font_size:20|text_align:left|color:%23c4d600&#8243; use_theme_fonts=&#8221;yes&#8221;][vc_column_text]<span style=\"color: #333333;\">Crie a osteotomia<strong> coronal<\/strong> \u201cem canal\u201d utilizando as brocas universais Densah\u00ae regulares, come\u00e7ando com a VT1525 (2.0) e indo at\u00e9 \u00e0 VT3545 (4.0) no modo de corte a 800 \u2013 1500 rpm com irriga\u00e7\u00e3o abundante como \u201ccortador lateral\u201d para <strong>criar uma osteotomia em canal na crista alveolar residual e na parede lateral do seio maxilar.<\/strong> Quando a osteotomia se aproximar da membrana sinusal, mude para o sentido anti-hor\u00e1rio, promovendo densifica\u00e7\u00e3o, para preservar a integridade da membrana do seio enquanto se prepara a osteotomia em canal.<\/span>[\/vc_column_text][\/vc_column_inner][vc_column_inner width=&#8221;1\/3&#8243;][vc_single_image image=&#8221;17736&#8243; img_size=&#8221;full&#8221;][\/vc_column_inner][\/vc_row_inner][vc_row_inner][vc_column_inner][vc_empty_space height=&#8221;50px&#8221;][\/vc_column_inner][\/vc_row_inner][vc_row_inner][vc_column_inner width=&#8221;2\/3&#8243;][vc_custom_heading text=&#8221;Passo 2:&#8221; font_container=&#8221;tag:p|font_size:20|text_align:left|color:%23c4d600&#8243; use_theme_fonts=&#8221;yes&#8221;][vc_column_text]<span style=\"color: #333333;\">Utilizando a broca piloto ZGO Densah\u00ae de comprimento adequado (65 mm ou 90 mm), dependendo da anatomia e do tamanho do paciente no modo de corte, siga a trajet\u00f3ria do \u201ccanal\u201d para acessar a regi\u00e3o inferior do corpo do zigoma, a fim de preparar uma osteotomia em \u201ct\u00fanel\u201d de comprimento adequado, perfurando at\u00e9 alcan\u00e7ar a regi\u00e3o superior-lateral do corpo do zigoma.<\/span>[\/vc_column_text][\/vc_column_inner][vc_column_inner width=&#8221;1\/3&#8243;][vc_single_image image=&#8221;1309&#8243; img_size=&#8221;full&#8221;][\/vc_column_inner][\/vc_row_inner][vc_row_inner][vc_column_inner][vc_empty_space height=&#8221;50px&#8221;][\/vc_column_inner][\/vc_row_inner][vc_row_inner][vc_column_inner width=&#8221;2\/3&#8243;][vc_custom_heading text=&#8221;Passo 3:&#8221; font_container=&#8221;tag:p|font_size:20|text_align:left|color:%23c4d600&#8243; use_theme_fonts=&#8221;yes&#8221;][vc_column_text]<span style=\"color: #333333;\">Ap\u00f3s a osteotomia piloto, dependendo da anatomia e do tamanho do paciente, utilize as brocas ZGO Densah\u00ae de comprimento adequado (65 mm ou 90 mm de comprimento), come\u00e7ando com a broca ZGO Densah\u00ae ZT1525, no modo de corte ou modo de densifica\u00e7\u00e3o, conforme necess\u00e1rio, expandindo a osteotomia de forma crescente e consecutiva para obter o di\u00e2metro e o comprimento pretendidos, dependendo do di\u00e2metro e do comprimento do implante zigom\u00e1tico a ser instalado. <strong>Ao aproximar-se da membrana sinusal, o sentido de corte da broca \u00e9 alterado para anti-hor\u00e1rio, de modo a preservar a integridade da membrana sinusal.<\/strong><\/span>[\/vc_column_text][\/vc_column_inner][vc_column_inner width=&#8221;1\/3&#8243;][vc_single_image image=&#8221;1311&#8243; img_size=&#8221;full&#8221;][\/vc_column_inner][\/vc_row_inner][vc_row_inner][vc_column_inner][vc_empty_space height=&#8221;50px&#8221;][\/vc_column_inner][\/vc_row_inner][vc_row_inner][vc_column_inner width=&#8221;2\/3&#8243;][vc_custom_heading text=&#8221;Passo 4:&#8221; font_container=&#8221;tag:p|font_size:20|text_align:left|color:%23c4d600&#8243; use_theme_fonts=&#8221;yes&#8221;][vc_column_text]<span style=\"color: #333333;\">A dureza do zigoma e o di\u00e2metro do implante determinar\u00e3o o di\u00e2metro final da broca ZGO Densah\u00ae , ou seja: ZT2030, ZT2535 ou ZT3040. As brocas ZGO Densah\u00ae devem ser utilizadas em sentido de corte ou densifica\u00e7\u00e3o, conforme necess\u00e1rio, com base na densidade \u00f3ssea, a 800-1500 rpm com irriga\u00e7\u00e3o abundante.<\/span><br \/>\n<span style=\"color: #333333;\">1) Modo de corte no sentido hor\u00e1rio para ossos mais densos<\/span><br \/>\n<span style=\"color: #333333;\">2) Modo de densifica\u00e7\u00e3o no sentido anti-hor\u00e1rio para ossos mais macios<\/span><br \/>\n<span style=\"color: #333333;\">3) Uma combina\u00e7\u00e3o de corte e densifica\u00e7\u00e3o utilizando o protocolo de preserva\u00e7\u00e3o de densifica\u00e7\u00e3o ap\u00f3s o corte (DAC) para uma dureza \u00f3ssea interm\u00e9dia<\/span><br \/>\n<span style=\"color: #333333;\">A dureza do osso zigom\u00e1tico e o di\u00e2metro do implante determinar\u00e3o o di\u00e2metro final da broca ZGO Densah\u00ae.<\/span>[\/vc_column_text][\/vc_column_inner][vc_column_inner width=&#8221;1\/3&#8243;][vc_single_image image=&#8221;1313&#8243; img_size=&#8221;full&#8221;][\/vc_column_inner][\/vc_row_inner][vc_row_inner][vc_column_inner][vc_empty_space height=&#8221;50px&#8221;][\/vc_column_inner][\/vc_row_inner][vc_row_inner][vc_column_inner width=&#8221;2\/3&#8243;][vc_custom_heading text=&#8221;Passo 5:&#8221; font_container=&#8221;tag:p|font_size:20|text_align:left|color:%23c4d600&#8243; use_theme_fonts=&#8221;yes&#8221;][vc_column_text]<span style=\"color: #333333;\">O implante zigom\u00e1tico \u00e9 ent\u00e3o instalado. A cabe\u00e7a do implante assenta na parte vestibular da crista alveolar. A parte central do corpo do implante n\u00e3o toca na parte mais c\u00f4ncava da parede anterior do maxilar. Nesta via extra-sinusal extra-maxilar, entra em contacto com o osso nas seguintes zonas:<\/span><br \/>\n<span style=\"color: #333333;\">1) Na face externa vestibular da crista<\/span><br \/>\n<span style=\"color: #333333;\">2) No osso zigom\u00e1tico apicalmente<\/span>[\/vc_column_text][\/vc_column_inner][vc_column_inner width=&#8221;1\/3&#8243;][vc_single_image image=&#8221;1315&#8243; img_size=&#8221;full&#8221;][\/vc_column_inner][\/vc_row_inner][vc_row_inner][vc_column_inner][vc_empty_space height=&#8221;50px&#8221;][vc_single_image image=&#8221;1305&#8243; img_size=&#8221;full&#8221; alignment=&#8221;center&#8221;][vc_column_text]<\/p>\n<div data-widget-id=\"ecf34c35-04ee-4d55-80f5-2b30c50127ca\" data-placement-id=\"b03f79d3-5287-4d86-b88e-4d16ee2698ae\" data-placement-status=\"ACTIVE\">\n<div>\n<div id=\"sd-simple-text-editable-ecf34c35-04ee-4d55-80f5-2b30c50127ca\" data-edit-mode=\"\">\n<p style=\"text-align: center;\">Caso facultado por cortesia do Dr. Costa Nicolopoulos<\/p>\n<p style=\"text-align: center;\">* Dados em arquivo, visite versahinternational.com\/od-published-papers\/ para consultar estudos sobre o implante zigom\u00e1tico<br \/>\n** A avalia\u00e7\u00e3o e a experi\u00eancia do profissional devem ser aplicadas em conjunto com esta sugest\u00e3o de protocolo de utiliza\u00e7\u00e3o para pr\u00e1tica cl\u00ednica<\/p>\n<\/div>\n<\/div>\n<\/div>\n<p>[\/vc_column_text][\/vc_column_inner][\/vc_row_inner][\/vc_column][\/vc_row][vc_row][vc_column][vc_empty_space height=&#8221;100px&#8221;][vc_column_text]<\/p>\n<h6><span style=\"color: #808080;\"> 10898 REV00 \u00faltima atualiza\u00e7\u00e3o: 08\/2023<\/span><\/h6>\n<p>[\/vc_column_text][\/vc_column][\/vc_row]<\/p>\n<\/section>","protected":false},"excerpt":{"rendered":"<p>[vc_row][vc_column][vc_empty_space height=&#8221;100px&#8221;][vc_custom_heading text=&#8221;PROTOCOLO ZIGOM\u00c1TICO EXTRA-MAXILAR EXTRA-SINUSAL IV&#8221; font_container=&#8221;tag:p|font_size:35|text_align:center|color:%23c4d600&#8243; use_theme_fonts=&#8221;yes&#8221;][vc_btn title=&#8221;Baixar Protocolo&#8221; style=&#8221;outline-custom&#8221; outline_custom_color=&#8221;#c4d600&#8243; outline_custom_hover_background=&#8221;#666666&#8243; outline_custom_hover_text=&#8221;#ffffff&#8221; size=&#8221;lg&#8221; align=&#8221;center&#8221; link=&#8221;url:https%3A%2F%2Fversahinternational.com%2Fwp-content%2Fuploads%2F2023%2F12%2FPortuguese-ZGO-Protocol-IV-11039-REV00.pdf|title:Protocolo%20de%20expans%C3%A3o%20da%20crista%20facilitada&#8221;][\/vc_column][\/vc_row][vc_row][vc_column css=&#8221;.vc_custom_1690381239585{background-color: #ffffff<\/p>\n<p><a href=\"https:\/\/versahinternational.com\/pt-pt\/versatilidade-clinica\/protocolo-zgo-tipo-iv\/\" class=\"more-link\">Continue reading<span class=\"screen-reader-text\">Protocolo ZGO Tipo IV<\/span><\/a><\/p>\n","protected":false},"author":2,"featured_media":0,"parent":11561,"menu_order":0,"comment_status":"closed","ping_status":"closed","template":"","meta":{"footnotes":""},"class_list":["post-9612","page","type-page","status-publish","hentry"],"jetpack_sharing_enabled":true,"_links":{"self":[{"href":"https:\/\/versahinternational.com\/pt-pt\/wp-json\/wp\/v2\/pages\/9612","targetHints":{"allow":["GET"]}}],"collection":[{"href":"https:\/\/versahinternational.com\/pt-pt\/wp-json\/wp\/v2\/pages"}],"about":[{"href":"https:\/\/versahinternational.com\/pt-pt\/wp-json\/wp\/v2\/types\/page"}],"author":[{"embeddable":true,"href":"https:\/\/versahinternational.com\/pt-pt\/wp-json\/wp\/v2\/users\/2"}],"replies":[{"embeddable":true,"href":"https:\/\/versahinternational.com\/pt-pt\/wp-json\/wp\/v2\/comments?post=9612"}],"version-history":[{"count":11,"href":"https:\/\/versahinternational.com\/pt-pt\/wp-json\/wp\/v2\/pages\/9612\/revisions"}],"predecessor-version":[{"id":17801,"href":"https:\/\/versahinternational.com\/pt-pt\/wp-json\/wp\/v2\/pages\/9612\/revisions\/17801"}],"up":[{"embeddable":true,"href":"https:\/\/versahinternational.com\/pt-pt\/wp-json\/wp\/v2\/pages\/11561"}],"wp:attachment":[{"href":"https:\/\/versahinternational.com\/pt-pt\/wp-json\/wp\/v2\/media?parent=9612"}],"curies":[{"name":"wp","href":"https:\/\/api.w.org\/{rel}","templated":true}]}}