{"id":9621,"date":"2023-07-18T18:17:33","date_gmt":"2023-07-18T18:17:33","guid":{"rendered":"https:\/\/versahinternational.com\/protocolo-zgo-tipo-iii\/"},"modified":"2023-12-04T21:25:43","modified_gmt":"2023-12-04T21:25:43","slug":"protocolo-zgo-tipo-iii","status":"publish","type":"page","link":"https:\/\/versahinternational.com\/pt-pt\/versatilidade-clinica\/protocolo-zgo-tipo-iii\/","title":{"rendered":"Protocolo ZGO Tipo III"},"content":{"rendered":"<section class=\"wpb-content-wrapper\"><p>[vc_row][vc_column][vc_empty_space height=&#8221;100px&#8221;][vc_custom_heading text=&#8221;PROTOCOLO ZIGOM\u00c1TICO EXTRA-SINUSAL INTRA-MAXILAR III&#8221; font_container=&#8221;tag:p|font_size:35|text_align:center|color:%23c4d600&#8243; use_theme_fonts=&#8221;yes&#8221;][vc_btn title=&#8221;Baixar Protocolo&#8221; style=&#8221;outline-custom&#8221; outline_custom_color=&#8221;#c4d600&#8243; outline_custom_hover_background=&#8221;#666666&#8243; outline_custom_hover_text=&#8221;#ffffff&#8221; size=&#8221;lg&#8221; align=&#8221;center&#8221; link=&#8221;url:https%3A%2F%2Fversahinternational.com%2Fwp-content%2Fuploads%2F2023%2F12%2FPortuguese-ZGO-Protocol-III-11038-REV00-.pdf|title:Protocolo%20de%20expans%C3%A3o%20da%20crista%20facilitada&#8221;][\/vc_column][\/vc_row][vc_row][vc_column css=&#8221;.vc_custom_1690314596779{background-color: #ffffff !important;}&#8221;][vc_separator][vc_row_inner][vc_column_inner width=&#8221;2\/3&#8243;][vc_column_text]<\/p>\n<div data-widget-id=\"ecf34c35-04ee-4d55-80f5-2b30c50127ca\" data-placement-id=\"b03f79d3-5287-4d86-b88e-4d16ee2698ae\" data-placement-status=\"ACTIVE\">\n<div class=\"sd-simple-text-ecf34c35-04ee-4d55-80f5-2b30c50127ca \">\n<div id=\"sd-simple-text-editable-ecf34c35-04ee-4d55-80f5-2b30c50127ca\" data-edit-mode=\"\">\n<p><span style=\"color: #c4d600 !important;\"><strong>Vis\u00e3o geral: <\/strong><\/span><\/p>\n<\/div>\n<\/div>\n<\/div>\n<div data-widget-id=\"ebb0fe0c-d3bb-4469-819e-748e87ebe8d3\" data-placement-id=\"eb822ecd-15a8-4eb2-92d0-a209d804bd0a\" data-placement-status=\"ACTIVE\">\n<div class=\"sd-simple-text-ebb0fe0c-d3bb-4469-819e-748e87ebe8d3 \">\n<div id=\"sd-simple-text-editable-ebb0fe0c-d3bb-4469-819e-748e87ebe8d3\" data-edit-mode=\"\">\n<p><span style=\"color: #222222 !important;\">Nestes casos, a parede anterior do maxilar \u00e9 muito c\u00f4ncava. A via \u00e9 intra-maxilar com um trajeto totalmente extra-sinusal. \u00c9 criada uma osteotomia em t\u00fanel atrav\u00e9s da crista alveolar para sair para a parede maxilar externa e depois voltar a entrar novamente como uma segunda osteotomia em t\u00fanel no corpo do zigoma, para sair atrav\u00e9s do aspeto superolateral do corpo do zigoma. Entre as duas osteotomias em t\u00fanel, a parede maxilar \u00e9 muito c\u00f4ncava e, por conseguinte, n\u00e3o existe uma osteotomia de sulco\/canal entre as duas osteotomias em t\u00fanel, ou seja, a parte central do corpo do implante n\u00e3o tocaria na parte mais c\u00f4ncava da parede. <\/span><\/p>\n<\/div>\n<\/div>\n<\/div>\n<p>[\/vc_column_text][\/vc_column_inner][vc_column_inner width=&#8221;1\/3&#8243;][vc_single_image image=&#8221;1300&#8243; img_size=&#8221;full&#8221;][\/vc_column_inner][\/vc_row_inner][vc_separator][vc_empty_space height=&#8221;50px&#8221;][vc_row_inner][vc_column_inner width=&#8221;2\/3&#8243;][vc_custom_heading text=&#8221;Passo 1:&#8221; font_container=&#8221;tag:p|font_size:20|text_align:left|color:%23c4d600&#8243; use_theme_fonts=&#8221;yes&#8221;][vc_column_text]<span style=\"color: #333333;\">A osteotomia em t\u00fanel \u00e9 iniciada com a broca piloto universal Densah\u00ae atrav\u00e9s da crista alveolar no sentido hor\u00e1rio para sair vestibularmente atrav\u00e9s da placa vestibular maxilar\/parede maxilar anterior. Em seguida, as brocas universais Densah\u00ae s\u00e3o utilizadas numa ordem crescente consecutiva de 2 mm, 2,3 mm, 3 mm e 3,3 mm no sentido anti-hor\u00e1rio para alargar a osteotomia da crista e obter a preserva\u00e7\u00e3o e osseodensifica\u00e7\u00e3o do osso alveolar.<\/span>[\/vc_column_text][\/vc_column_inner][vc_column_inner width=&#8221;1\/3&#8243;][vc_single_image image=&#8221;17721&#8243; img_size=&#8221;full&#8221;][vc_single_image image=&#8221;1288&#8243; img_size=&#8221;full&#8221;][\/vc_column_inner][\/vc_row_inner][vc_row_inner][vc_column_inner][vc_empty_space height=&#8221;50px&#8221;][\/vc_column_inner][\/vc_row_inner][vc_row_inner][vc_column_inner width=&#8221;2\/3&#8243;][vc_custom_heading text=&#8221;Passo 2:&#8221; font_container=&#8221;tag:p|font_size:20|text_align:left|color:%23c4d600&#8243; use_theme_fonts=&#8221;yes&#8221;][vc_column_text]<span style=\"color: #333333;\">Utilizando a broca piloto ZGO Densah\u00ae de comprimento adequado (65 mm ou 90 mm), dependendo da anatomia e do tamanho do paciente, no modo cortante, realize a introdu\u00e7\u00e3o na osteotomia do t\u00fanel crestal previamente preparado para sair ao longo da parte c\u00f4ncava da parede maxilar anterior, para penetrar e entrar na superf\u00edcie inferior do zigoma e, em seguida, atrav\u00e9s do corpo do zigoma, para sair na superf\u00edcie superolateral do corpo do zigoma, criando assim um t\u00fanel no osso zigom\u00e1tico.<\/span>[\/vc_column_text][\/vc_column_inner][vc_column_inner width=&#8221;1\/3&#8243;][vc_single_image image=&#8221;1292&#8243; img_size=&#8221;full&#8221;][\/vc_column_inner][\/vc_row_inner][vc_row_inner][vc_column_inner][vc_empty_space height=&#8221;50px&#8221;][\/vc_column_inner][\/vc_row_inner][vc_row_inner][vc_column_inner width=&#8221;2\/3&#8243;][vc_custom_heading text=&#8221;Passo 3:&#8221; font_container=&#8221;tag:p|font_size:20|text_align:left|color:%23c4d600&#8243; use_theme_fonts=&#8221;yes&#8221;][vc_column_text]<span style=\"color: #333333;\">Ap\u00f3s a osteotomia piloto, dependendo da anatomia e do tamanho do paciente, utilize as brocas ZGO Densah\u00ae de comprimento adequado (65 mm ou 90 mm), come\u00e7ando com a broca ZGO Densah\u00ae ZT1525, para alargar a osteotomia crestal do t\u00fanel crestal no modo de densifica\u00e7\u00e3o e, em seguida, atravesse pr\u00f3ximo da parte c\u00f4ncava da parede anterior do maxilar. Mude para o modo de corte para penetrar e entrar na superf\u00edcie inferior do zigoma, atrav\u00e9s do corpo do zigoma e sair na superf\u00edcie superolateral do corpo do zigoma, alargando assim o t\u00fanel no osso zigom\u00e1tico. A dureza do osso zigom\u00e1tico e o di\u00e2metro do implante determinar\u00e3o o di\u00e2metro final da broca ZGO Densah\u00ae.<\/span>[\/vc_column_text][\/vc_column_inner][vc_column_inner width=&#8221;1\/3&#8243;][vc_single_image image=&#8221;1294&#8243; img_size=&#8221;full&#8221;][\/vc_column_inner][\/vc_row_inner][vc_row_inner][vc_column_inner][vc_empty_space height=&#8221;50px&#8221;][\/vc_column_inner][\/vc_row_inner][vc_row_inner][vc_column_inner width=&#8221;2\/3&#8243;][vc_custom_heading text=&#8221;Passo 4:&#8221; font_container=&#8221;tag:p|font_size:20|text_align:left|color:%23c4d600&#8243; use_theme_fonts=&#8221;yes&#8221;][vc_column_text]<span style=\"color: #333333;\">A dureza do zigoma e o di\u00e2metro do implante determinar\u00e3o o di\u00e2metro final da broca ZGO Densah\u00ae , ou seja, ZT2535 ou ZT3040. As brocas ZGO Densah\u00ae podem ser utilizadas no sentido hor\u00e1rio ou anti-hor\u00e1rio, conforme necess\u00e1rio, com base na densidade \u00f3ssea, a 800-1500 rpm com irriga\u00e7\u00e3o abundante.<\/span><br \/>\n<span style=\"color: #333333;\">1) Modo de corte no sentido hor\u00e1rio para ossos mais densos<\/span><br \/>\n<span style=\"color: #333333;\">2) Modo de densifica\u00e7\u00e3o no sentido anti-hor\u00e1rio para ossos mais macios<\/span><br \/>\n<span style=\"color: #333333;\">3) Uma combina\u00e7\u00e3o de corte e densifica\u00e7\u00e3o utilizando o protocolo de preserva\u00e7\u00e3o de densifica\u00e7\u00e3o ap\u00f3s o corte (DAC) para uma dureza \u00f3ssea interm\u00e9dia<\/span>[\/vc_column_text][\/vc_column_inner][vc_column_inner width=&#8221;1\/3&#8243;][vc_single_image image=&#8221;1296&#8243; img_size=&#8221;full&#8221;][\/vc_column_inner][\/vc_row_inner][vc_row_inner][vc_column_inner][vc_empty_space height=&#8221;50px&#8221;][\/vc_column_inner][\/vc_row_inner][vc_row_inner][vc_column_inner width=&#8221;2\/3&#8243;][vc_custom_heading text=&#8221;Passo 5:&#8221; font_container=&#8221;tag:p|font_size:20|text_align:left|color:%23c4d600&#8243; use_theme_fonts=&#8221;yes&#8221;][vc_column_text]<span style=\"color: #333333;\">O implante zigom\u00e1tico \u00e9 ent\u00e3o instalado. A cabe\u00e7a do implante est\u00e1 localizada na crista alveolar. A parte central do corpo do implante n\u00e3o toca na parte mais c\u00f4ncava da parede anterior do maxilar. Nesta via extra-sinusal intra-maxilar, o implante entra em contacto com o osso nas seguintes zonas:<\/span><br \/>\n<span style=\"color: #333333;\">1) Na crista alveolar coronalmente<\/span><br \/>\n<span style=\"color: #333333;\">2) No osso zigom\u00e1tico apicalmente<\/span>[\/vc_column_text][\/vc_column_inner][vc_column_inner width=&#8221;1\/3&#8243;][vc_single_image image=&#8221;1298&#8243; img_size=&#8221;full&#8221;][\/vc_column_inner][\/vc_row_inner][vc_row_inner][vc_column_inner][vc_empty_space height=&#8221;50px&#8221;][vc_single_image image=&#8221;1286&#8243; img_size=&#8221;full&#8221; alignment=&#8221;center&#8221;][vc_column_text]<\/p>\n<div data-widget-id=\"ecf34c35-04ee-4d55-80f5-2b30c50127ca\" data-placement-id=\"b03f79d3-5287-4d86-b88e-4d16ee2698ae\" data-placement-status=\"ACTIVE\">\n<div>\n<div id=\"sd-simple-text-editable-ecf34c35-04ee-4d55-80f5-2b30c50127ca\" data-edit-mode=\"\">\n<p style=\"text-align: center;\">* Dados em arquivo, visite versahinternational.com\/od-published-papers\/ para consultar estudos sobre o implante zigom\u00e1tico<br \/>\n** A avalia\u00e7\u00e3o e a experi\u00eancia do profissional devem ser aplicadas em conjunto com esta sugest\u00e3o de protocolo de utiliza\u00e7\u00e3o para pr\u00e1tica cl\u00ednica<\/p>\n<\/div>\n<\/div>\n<\/div>\n<p>[\/vc_column_text][\/vc_column_inner][\/vc_row_inner][\/vc_column][\/vc_row][vc_row][vc_column][vc_empty_space height=&#8221;100px&#8221;][vc_column_text]<\/p>\n<h6><span style=\"color: #808080;\">10897 REV00 \u00faltima atualiza\u00e7\u00e3o: 08\/2023<\/span><\/h6>\n<p>[\/vc_column_text][\/vc_column][\/vc_row]<\/p>\n<\/section>","protected":false},"excerpt":{"rendered":"<p>[vc_row][vc_column][vc_empty_space height=&#8221;100px&#8221;][vc_custom_heading text=&#8221;PROTOCOLO ZIGOM\u00c1TICO EXTRA-SINUSAL INTRA-MAXILAR III&#8221; font_container=&#8221;tag:p|font_size:35|text_align:center|color:%23c4d600&#8243; use_theme_fonts=&#8221;yes&#8221;][vc_btn title=&#8221;Baixar Protocolo&#8221; style=&#8221;outline-custom&#8221; outline_custom_color=&#8221;#c4d600&#8243; outline_custom_hover_background=&#8221;#666666&#8243; outline_custom_hover_text=&#8221;#ffffff&#8221; size=&#8221;lg&#8221; align=&#8221;center&#8221; link=&#8221;url:https%3A%2F%2Fversahinternational.com%2Fwp-content%2Fuploads%2F2023%2F12%2FPortuguese-ZGO-Protocol-III-11038-REV00-.pdf|title:Protocolo%20de%20expans%C3%A3o%20da%20crista%20facilitada&#8221;][\/vc_column][\/vc_row][vc_row][vc_column css=&#8221;.vc_custom_1690314596779{background-color: #ffffff<\/p>\n<p><a href=\"https:\/\/versahinternational.com\/pt-pt\/versatilidade-clinica\/protocolo-zgo-tipo-iii\/\" class=\"more-link\">Continue reading<span class=\"screen-reader-text\">Protocolo ZGO Tipo III<\/span><\/a><\/p>\n","protected":false},"author":2,"featured_media":0,"parent":11561,"menu_order":0,"comment_status":"closed","ping_status":"closed","template":"","meta":{"footnotes":""},"class_list":["post-9621","page","type-page","status-publish","hentry"],"jetpack_sharing_enabled":true,"_links":{"self":[{"href":"https:\/\/versahinternational.com\/pt-pt\/wp-json\/wp\/v2\/pages\/9621","targetHints":{"allow":["GET"]}}],"collection":[{"href":"https:\/\/versahinternational.com\/pt-pt\/wp-json\/wp\/v2\/pages"}],"about":[{"href":"https:\/\/versahinternational.com\/pt-pt\/wp-json\/wp\/v2\/types\/page"}],"author":[{"embeddable":true,"href":"https:\/\/versahinternational.com\/pt-pt\/wp-json\/wp\/v2\/users\/2"}],"replies":[{"embeddable":true,"href":"https:\/\/versahinternational.com\/pt-pt\/wp-json\/wp\/v2\/comments?post=9621"}],"version-history":[{"count":13,"href":"https:\/\/versahinternational.com\/pt-pt\/wp-json\/wp\/v2\/pages\/9621\/revisions"}],"predecessor-version":[{"id":17800,"href":"https:\/\/versahinternational.com\/pt-pt\/wp-json\/wp\/v2\/pages\/9621\/revisions\/17800"}],"up":[{"embeddable":true,"href":"https:\/\/versahinternational.com\/pt-pt\/wp-json\/wp\/v2\/pages\/11561"}],"wp:attachment":[{"href":"https:\/\/versahinternational.com\/pt-pt\/wp-json\/wp\/v2\/media?parent=9621"}],"curies":[{"name":"wp","href":"https:\/\/api.w.org\/{rel}","templated":true}]}}