{"id":9629,"date":"2023-07-18T18:17:22","date_gmt":"2023-07-18T18:17:22","guid":{"rendered":"https:\/\/versahinternational.com\/protocolo-zgo-tipo-i-ii\/"},"modified":"2023-12-04T21:25:09","modified_gmt":"2023-12-04T21:25:09","slug":"protocolo-zgo-tipo-i-ii","status":"publish","type":"page","link":"https:\/\/versahinternational.com\/pt-pt\/versatilidade-clinica\/protocolo-zgo-tipo-i-ii\/","title":{"rendered":"Protocolo ZGO Tipo I\/II"},"content":{"rendered":"<section class=\"wpb-content-wrapper\"><p>[vc_row][vc_column][vc_empty_space height=&#8221;100px&#8221;][vc_custom_heading text=&#8221;PROTOCOLO ZIGOM\u00c1TICO INTRA-MAXILAR INTRA\/EXTRA SINUSAL I\/II&#8221; font_container=&#8221;tag:p|font_size:35|text_align:center|color:%23c4d600&#8243; use_theme_fonts=&#8221;yes&#8221;][vc_btn title=&#8221;Baixar Protocolo&#8221; style=&#8221;outline-custom&#8221; outline_custom_color=&#8221;#c4d600&#8243; outline_custom_hover_background=&#8221;#666666&#8243; outline_custom_hover_text=&#8221;#ffffff&#8221; size=&#8221;lg&#8221; align=&#8221;center&#8221; link=&#8221;url:https%3A%2F%2Fversahinternational.com%2Fwp-content%2Fuploads%2F2023%2F12%2FPortuguese-ZGO-Protocol-III-11037-REV00.pdf|title:Protocolo%20de%20expans%C3%A3o%20da%20crista%20facilitada&#8221;][\/vc_column][\/vc_row][vc_row][vc_column css=&#8221;.vc_custom_1690313321145{background-color: #ffffff !important;}&#8221;][vc_separator][vc_column_text]<\/p>\n<div data-widget-id=\"ecf34c35-04ee-4d55-80f5-2b30c50127ca\" data-placement-id=\"b03f79d3-5287-4d86-b88e-4d16ee2698ae\" data-placement-status=\"ACTIVE\">\n<div class=\"sd-simple-text-ecf34c35-04ee-4d55-80f5-2b30c50127ca \">\n<div id=\"sd-simple-text-editable-ecf34c35-04ee-4d55-80f5-2b30c50127ca\" data-edit-mode=\"\">\n<p><span style=\"color: #c4d600 !important;\"><strong>Vis\u00e3o geral: <\/strong><\/span><\/p>\n<\/div>\n<\/div>\n<\/div>\n<div data-widget-id=\"ebb0fe0c-d3bb-4469-819e-748e87ebe8d3\" data-placement-id=\"eb822ecd-15a8-4eb2-92d0-a209d804bd0a\" data-placement-status=\"ACTIVE\">\n<div class=\"sd-simple-text-ebb0fe0c-d3bb-4469-819e-748e87ebe8d3 \">\n<div id=\"sd-simple-text-editable-ebb0fe0c-d3bb-4469-819e-748e87ebe8d3\" data-edit-mode=\"\">\n<p><span style=\"color: #222222 !important;\">A parede anterior do maxilar \u00e9 ligeiramente mais c\u00f4ncava. <strong>A via \u00e9 totalmente intra-maxilar com uma abordagem intra\/extra-sinusal.<\/strong> \u00c9 criada uma osteotomia em t\u00fanel atrav\u00e9s da crista alveolar, na parede lateral interna do seio, para sair ligeiramente atrav\u00e9s dessa parede lateral e depois voltar a entrar novamente como uma segunda osteotomia em t\u00fanel no seio, para sair atrav\u00e9s do corpo do zigoma.<\/span><\/p>\n<\/div>\n<\/div>\n<\/div>\n<p>[\/vc_column_text][vc_separator][vc_row_inner][vc_column_inner width=&#8221;1\/2&#8243;][vc_single_image image=&#8221;1279&#8243; img_size=&#8221;full&#8221; alignment=&#8221;center&#8221;][vc_column_text]<\/p>\n<div data-widget-id=\"ecf34c35-04ee-4d55-80f5-2b30c50127ca\" data-placement-id=\"b03f79d3-5287-4d86-b88e-4d16ee2698ae\" data-placement-status=\"ACTIVE\">\n<div class=\"sd-simple-text-ecf34c35-04ee-4d55-80f5-2b30c50127ca \">\n<div id=\"sd-simple-text-editable-ecf34c35-04ee-4d55-80f5-2b30c50127ca\" data-edit-mode=\"\">\n<p><span style=\"color: #222222 !important;\"><strong>ZGO I: Intra\/extra sinusal intra-maxilar:<\/strong> A parede anterior do maxilar \u00e9 ligeiramente c\u00f4ncava. <strong>A via \u00e9 intra-maxilar com um<\/strong> <strong>trajeto maioritariamente intra-sinusal.<\/strong><\/span><\/p>\n<\/div>\n<\/div>\n<\/div>\n<p>[\/vc_column_text][\/vc_column_inner][vc_column_inner width=&#8221;1\/2&#8243;][vc_single_image image=&#8221;1281&#8243; img_size=&#8221;full&#8221; alignment=&#8221;center&#8221;][vc_column_text]<\/p>\n<div data-widget-id=\"ecf34c35-04ee-4d55-80f5-2b30c50127ca\" data-placement-id=\"b03f79d3-5287-4d86-b88e-4d16ee2698ae\" data-placement-status=\"ACTIVE\">\n<div class=\"sd-simple-text-ecf34c35-04ee-4d55-80f5-2b30c50127ca \">\n<div id=\"sd-simple-text-editable-ecf34c35-04ee-4d55-80f5-2b30c50127ca\" data-edit-mode=\"\">\n<p><span style=\"color: #222222 !important;\"><strong>ZGO II: Extra\/intra sinusal intra-maxilar:<\/strong> A parede anterior do maxilar \u00e9 ligeiramente mais c\u00f4ncava do que o ZGO I. Por conseguinte, segue o mesmo princ\u00edpio cir\u00fargico do ZGO I com uma via <strong>intra-maxilar,<\/strong> mas com uma via maioritariamente extra-sinusal.<\/span><\/p>\n<\/div>\n<\/div>\n<\/div>\n<p>[\/vc_column_text][\/vc_column_inner][\/vc_row_inner][vc_row_inner][vc_column_inner][vc_empty_space height=&#8221;50px&#8221;][\/vc_column_inner][\/vc_row_inner][vc_row_inner][vc_column_inner width=&#8221;2\/3&#8243;][vc_custom_heading text=&#8221;Passo 1:&#8221; font_container=&#8221;tag:p|font_size:20|text_align:left|color:%23c4d600&#8243; use_theme_fonts=&#8221;yes&#8221;][vc_column_text]<span style=\"color: #333333;\">A osteotomia do t\u00fanel \u00e9 iniciada com a broca piloto Universal Densah\u00ae atrav\u00e9s da crista alveolar no sentido hor\u00e1rio para alcan\u00e7ar o assoalho do seio. Em seguida, as brocas universais Densah\u00ae s\u00e3o utilizadas numa ordem crescente consecutiva de 2 mm, 2,3 mm, 3 mm e 3,3 mm no sentido anti-hor\u00e1rio para preservar e alargar a osteotomia da crista e iniciar a entrada na parede lateral do seio. Desta forma, consegue-se a preserva\u00e7\u00e3o da membrana do seio e a osseodensifica\u00e7\u00e3o do osso alveolar.<\/span>[\/vc_column_text][\/vc_column_inner][vc_column_inner width=&#8221;1\/3&#8243;][vc_single_image image=&#8221;15701&#8243; img_size=&#8221;full&#8221;][\/vc_column_inner][\/vc_row_inner][vc_row_inner][vc_column_inner][vc_empty_space height=&#8221;50px&#8221;][\/vc_column_inner][\/vc_row_inner][vc_row_inner][vc_column_inner width=&#8221;2\/3&#8243;][vc_custom_heading text=&#8221;Passo 2:&#8221; font_container=&#8221;tag:p|font_size:20|text_align:left|color:%23c4d600&#8243; use_theme_fonts=&#8221;yes&#8221;][vc_column_text]<span style=\"color: #333333;\">Utilizando a broca piloto ZGO Densah\u00ae de comprimento adequado (65 mm ou 90 mm), dependendo da anatomia e do tamanho do paciente, no modo de corte (sentido hor\u00e1rio), realize a introdu\u00e7\u00e3o na osteotomia em t\u00fanel crestal preparada para sair atrav\u00e9s da parede do seio lateral para entrar novamente, atrav\u00e9s de outra osteotomia em t\u00fanel, na superf\u00edcie inferior do zigoma, depois atrav\u00e9s do corpo do zigoma, para sair na superf\u00edcie superolateral do corpo do zigoma.<\/span>[\/vc_column_text][\/vc_column_inner][vc_column_inner width=&#8221;1\/3&#8243;][vc_single_image image=&#8221;1269&#8243; img_size=&#8221;full&#8221;][\/vc_column_inner][\/vc_row_inner][vc_row_inner][vc_column_inner][vc_empty_space height=&#8221;50px&#8221;][\/vc_column_inner][\/vc_row_inner][vc_row_inner][vc_column_inner width=&#8221;2\/3&#8243;][vc_custom_heading text=&#8221;Passo 3:&#8221; font_container=&#8221;tag:p|font_size:20|text_align:left|color:%23c4d600&#8243; use_theme_fonts=&#8221;yes&#8221;][vc_column_text]<span style=\"color: #333333;\">Ap\u00f3s a osteotomia piloto, utilize as brocas ZGO Densah\u00ae de comprimento adequado (65 mm ou 90 mm), de acordo com a anatomia e o tamanho do paciente. Come\u00e7ando com a broca Densah\u00ae ZT 1525, alargue a osteotomia da crista no modo de densifica\u00e7\u00e3o (sentido anti-hor\u00e1rio), entrando na cavidade do seio para sair atrav\u00e9s da parede lateral do seio para entrar novamente, atrav\u00e9s de outra osteotomia em t\u00fanel, mude para o modo de corte (sentido hor\u00e1rio), conforme necess\u00e1rio, para entrar na superf\u00edcie inferior do zigoma, atrav\u00e9s do corpo do zigoma e sair na superf\u00edcie superolateral do corpo do zigoma.<\/span>[\/vc_column_text][\/vc_column_inner][vc_column_inner width=&#8221;1\/3&#8243;][vc_single_image image=&#8221;1271&#8243; img_size=&#8221;full&#8221;][\/vc_column_inner][\/vc_row_inner][vc_row_inner][vc_column_inner][vc_empty_space height=&#8221;50px&#8221;][\/vc_column_inner][\/vc_row_inner][vc_row_inner][vc_column_inner width=&#8221;2\/3&#8243;][vc_custom_heading text=&#8221;Passo 4:&#8221; font_container=&#8221;tag:p|font_size:20|text_align:left|color:%23c4d600&#8243; use_theme_fonts=&#8221;yes&#8221;][vc_column_text]<span style=\"color: #333333;\">A dureza do zigoma e o di\u00e2metro do implante determinar\u00e3o o di\u00e2metro final da broca ZGO Densah\u00ae, ou seja, ZT2030, ZT2535 ou ZT3040. <strong>As brocas ZGO Densah\u00ae devem ser utilizadas no modo de corte ou de densifica\u00e7\u00e3o, conforme necess\u00e1rio, com base na densidade \u00f3ssea a 800-1500 rpm com irriga\u00e7\u00e3o abundante.<\/strong> 1) Modo de corte no sentido hor\u00e1rio para ossos mais densos 2) Modo de densifica\u00e7\u00e3o no sentido anti-hor\u00e1rio em ossos mais macios 3) Uma combina\u00e7\u00e3o de corte e densifica\u00e7\u00e3o utilizando o protocolo de preserva\u00e7\u00e3o da densifica\u00e7\u00e3o ap\u00f3s o corte (DAC) para uma dureza \u00f3ssea intermediaria.<\/span>[\/vc_column_text][\/vc_column_inner][vc_column_inner width=&#8221;1\/3&#8243;][vc_single_image image=&#8221;1273&#8243; img_size=&#8221;full&#8221;][\/vc_column_inner][\/vc_row_inner][vc_row_inner][vc_column_inner][vc_empty_space height=&#8221;50px&#8221;][\/vc_column_inner][\/vc_row_inner][vc_row_inner][vc_column_inner width=&#8221;2\/3&#8243;][vc_custom_heading text=&#8221;Passo 5:&#8221; font_container=&#8221;tag:p|font_size:20|text_align:left|color:%23c4d600&#8243; use_theme_fonts=&#8221;yes&#8221;][vc_column_text]<span style=\"color: #333333;\">O implante zigom\u00e1tico \u00e9 ent\u00e3o instalado. Embora o implante zigom\u00e1tico possa ser visto atrav\u00e9s da parede maxilar anterior, a maior parte do corpo do implante tem um trajeto intra-sinusal. Em ZGO I e ZGO II, o implante entra em contacto com o osso nas seguintes zonas:<\/span><br \/>\n<span style=\"color: #333333;\">1) Na crista alveolar.<\/span><br \/>\n<span style=\"color: #333333;\">2) Na parede interna do seio.<\/span><br \/>\n<span style=\"color: #333333;\">3) Na parede lateral do seio.<\/span><br \/>\n<span style=\"color: #333333;\">4) No corpo do zigoma<\/span>[\/vc_column_text][\/vc_column_inner][vc_column_inner width=&#8221;1\/3&#8243;][vc_single_image image=&#8221;1275&#8243; img_size=&#8221;full&#8221;][vc_single_image image=&#8221;1277&#8243; img_size=&#8221;full&#8221;][\/vc_column_inner][\/vc_row_inner][vc_row_inner][vc_column_inner][vc_empty_space height=&#8221;50px&#8221;][vc_single_image image=&#8221;1265&#8243; img_size=&#8221;full&#8221; alignment=&#8221;center&#8221;][vc_column_text]<\/p>\n<div data-widget-id=\"ecf34c35-04ee-4d55-80f5-2b30c50127ca\" data-placement-id=\"b03f79d3-5287-4d86-b88e-4d16ee2698ae\" data-placement-status=\"ACTIVE\">\n<div>\n<div id=\"sd-simple-text-editable-ecf34c35-04ee-4d55-80f5-2b30c50127ca\" data-edit-mode=\"\">\n<p style=\"text-align: center;\">* Dados em arquivo, visite versahinternational.com\/od-published-papers\/ para consultar estudos sobre o implante zigom\u00e1tico<br \/>\n** A avalia\u00e7\u00e3o e a experi\u00eancia do profissional devem ser aplicadas em conjunto com esta sugest\u00e3o de utiliza\u00e7\u00e3o para pr\u00e1tica cl\u00ednica<\/p>\n<\/div>\n<\/div>\n<\/div>\n<p>[\/vc_column_text][\/vc_column_inner][\/vc_row_inner][\/vc_column][\/vc_row][vc_row][vc_column][vc_empty_space height=&#8221;100px&#8221;][vc_column_text]<\/p>\n<h6><span style=\"color: #808080;\">10896 REV00 \u00faltima atualiza\u00e7\u00e3o: 08\/2023<\/span><\/h6>\n<p>[\/vc_column_text][\/vc_column][\/vc_row]<\/p>\n<\/section>","protected":false},"excerpt":{"rendered":"<p>[vc_row][vc_column][vc_empty_space height=&#8221;100px&#8221;][vc_custom_heading text=&#8221;PROTOCOLO ZIGOM\u00c1TICO INTRA-MAXILAR INTRA\/EXTRA SINUSAL I\/II&#8221; font_container=&#8221;tag:p|font_size:35|text_align:center|color:%23c4d600&#8243; use_theme_fonts=&#8221;yes&#8221;][vc_btn title=&#8221;Baixar Protocolo&#8221; style=&#8221;outline-custom&#8221; outline_custom_color=&#8221;#c4d600&#8243; outline_custom_hover_background=&#8221;#666666&#8243; outline_custom_hover_text=&#8221;#ffffff&#8221; size=&#8221;lg&#8221; align=&#8221;center&#8221; link=&#8221;url:https%3A%2F%2Fversahinternational.com%2Fwp-content%2Fuploads%2F2023%2F12%2FPortuguese-ZGO-Protocol-III-11037-REV00.pdf|title:Protocolo%20de%20expans%C3%A3o%20da%20crista%20facilitada&#8221;][\/vc_column][\/vc_row][vc_row][vc_column css=&#8221;.vc_custom_1690313321145{background-color:<\/p>\n<p><a href=\"https:\/\/versahinternational.com\/pt-pt\/versatilidade-clinica\/protocolo-zgo-tipo-i-ii\/\" class=\"more-link\">Continue reading<span class=\"screen-reader-text\">Protocolo ZGO Tipo I\/II<\/span><\/a><\/p>\n","protected":false},"author":2,"featured_media":0,"parent":11561,"menu_order":0,"comment_status":"closed","ping_status":"closed","template":"","meta":{"footnotes":""},"class_list":["post-9629","page","type-page","status-publish","hentry"],"jetpack_sharing_enabled":true,"_links":{"self":[{"href":"https:\/\/versahinternational.com\/pt-pt\/wp-json\/wp\/v2\/pages\/9629","targetHints":{"allow":["GET"]}}],"collection":[{"href":"https:\/\/versahinternational.com\/pt-pt\/wp-json\/wp\/v2\/pages"}],"about":[{"href":"https:\/\/versahinternational.com\/pt-pt\/wp-json\/wp\/v2\/types\/page"}],"author":[{"embeddable":true,"href":"https:\/\/versahinternational.com\/pt-pt\/wp-json\/wp\/v2\/users\/2"}],"replies":[{"embeddable":true,"href":"https:\/\/versahinternational.com\/pt-pt\/wp-json\/wp\/v2\/comments?post=9629"}],"version-history":[{"count":15,"href":"https:\/\/versahinternational.com\/pt-pt\/wp-json\/wp\/v2\/pages\/9629\/revisions"}],"predecessor-version":[{"id":17799,"href":"https:\/\/versahinternational.com\/pt-pt\/wp-json\/wp\/v2\/pages\/9629\/revisions\/17799"}],"up":[{"embeddable":true,"href":"https:\/\/versahinternational.com\/pt-pt\/wp-json\/wp\/v2\/pages\/11561"}],"wp:attachment":[{"href":"https:\/\/versahinternational.com\/pt-pt\/wp-json\/wp\/v2\/media?parent=9629"}],"curies":[{"name":"wp","href":"https:\/\/api.w.org\/{rel}","templated":true}]}}