{"id":9959,"date":"2023-07-18T18:18:54","date_gmt":"2023-07-18T18:18:54","guid":{"rendered":"https:\/\/versahinternational.com\/protocolo-da-tecnica-de-preservacao-selectiva-do-dente-spot\/"},"modified":"2023-12-04T21:27:25","modified_gmt":"2023-12-04T21:27:25","slug":"protocolo-da-tecnica-de-preservacao-selectiva-do-dente-spot","status":"publish","type":"page","link":"https:\/\/versahinternational.com\/pt-pt\/versatilidade-clinica\/protocolo-da-tecnica-de-preservacao-selectiva-do-dente-spot\/","title":{"rendered":"Protocolo da t\u00e9cnica de preserva\u00e7\u00e3o seletiva do dente (SPoT)"},"content":{"rendered":"<section class=\"wpb-content-wrapper\"><p>[vc_row][vc_column][vc_empty_space height=&#8221;100px&#8221;][vc_custom_heading text=&#8221;T\u00c9CNICA DE PRESERVA\u00c7\u00c3O SELETIVA DO DENTE (SPOT)&#8221; font_container=&#8221;tag:p|font_size:35|text_align:center|color:%23c4d600&#8243; use_theme_fonts=&#8221;yes&#8221;][vc_btn title=&#8221;Baixar Protocolo&#8221; style=&#8221;outline-custom&#8221; outline_custom_color=&#8221;#c4d600&#8243; outline_custom_hover_background=&#8221;#666666&#8243; outline_custom_hover_text=&#8221;#ffffff&#8221; size=&#8221;lg&#8221; align=&#8221;center&#8221; link=&#8221;url:https%3A%2F%2Fversahinternational.com%2Fwp-content%2Fuploads%2F2023%2F12%2FPortuguese-SPoT-Protocol-11042-REV00.pdf|title:Protocolo%20de%20expans%C3%A3o%20da%20crista%20facilitada&#8221;][\/vc_column][\/vc_row][vc_row][vc_column css=&#8221;.vc_custom_1690388523737{background-color: #ffffff !important;}&#8221;][vc_column_text]<\/p>\n<div data-widget-id=\"ecf34c35-04ee-4d55-80f5-2b30c50127ca\" data-placement-id=\"b03f79d3-5287-4d86-b88e-4d16ee2698ae\" data-placement-status=\"ACTIVE\">\n<div class=\"sd-simple-text-ecf34c35-04ee-4d55-80f5-2b30c50127ca \">\n<div id=\"sd-simple-text-editable-ecf34c35-04ee-4d55-80f5-2b30c50127ca\" data-edit-mode=\"\">\n<p><span style=\"color: #c4d600 !important;\"><strong>Vis\u00e3o geral: <\/strong><\/span><\/p>\n<\/div>\n<\/div>\n<\/div>\n<div data-widget-id=\"ebb0fe0c-d3bb-4469-819e-748e87ebe8d3\" data-placement-id=\"eb822ecd-15a8-4eb2-92d0-a209d804bd0a\" data-placement-status=\"ACTIVE\">\n<div class=\"sd-simple-text-ebb0fe0c-d3bb-4469-819e-748e87ebe8d3 \">\n<div id=\"sd-simple-text-editable-ebb0fe0c-d3bb-4469-819e-748e87ebe8d3\" data-edit-mode=\"\">\n<p><span style=\"color: #333333;\">Indicado em casos de dentes anteriores e posteriores n\u00e3o restaur\u00e1veis, eleg\u00edveis para o procedimento de \u201cSocket Shield\u201d. <\/span><\/p>\n<\/div>\n<\/div>\n<\/div>\n<p>[\/vc_column_text][vc_empty_space height=&#8221;50px&#8221;][vc_separator][vc_row_inner][vc_column_inner][vc_custom_heading text=&#8221;Diagn\u00f3stico:&#8221; font_container=&#8221;tag:p|font_size:20|text_align:left|color:%23c4d600&#8243; use_theme_fonts=&#8221;yes&#8221;][vc_column_text]<span style=\"color: #333333;\">Estabelecer medidas e pontos de refer\u00eancia nos tecidos duros e moles utilizando imagens cl\u00ednicas e radiogr\u00e1ficas.<\/span><br \/>\n<span style=\"color: #333333;\">1. Me\u00e7a a dist\u00e2ncia da gengiva \u00e0 crista \u00f3ssea (espessura de tecido mole entre a margem gengival e a crista \u00f3ssea)<\/span><br \/>\n<span style=\"color: #333333;\">2. Me\u00e7a a dist\u00e2ncia entre a crista \u00f3ssea e o \u00e1pice da raiz (comprimento do poss\u00edvel socket shield)<\/span><br \/>\n<span style=\"color: #333333;\">3. Me\u00e7a a quantidade de osso dispon\u00edvel para a instala\u00e7\u00e3o do implante (largura e comprimento do osso alveolar)<\/span>[\/vc_column_text][vc_single_image image=&#8221;1384&#8243; img_size=&#8221;full&#8221; alignment=&#8221;center&#8221;][\/vc_column_inner][\/vc_row_inner][vc_row_inner][vc_column_inner][vc_empty_space height=&#8221;50px&#8221;][\/vc_column_inner][\/vc_row_inner][vc_row_inner][vc_column_inner][vc_custom_heading text=&#8221;Passo 1: Escavar o centro do dente&#8221; font_container=&#8221;tag:p|font_size:20|text_align:left|color:%23c4d600&#8243; use_theme_fonts=&#8221;yes&#8221;][vc_column_text]<span style=\"color: #333333;\">1. Utilize uma broca diamantada esf\u00e9rica de alta velocidade com 3 mm de di\u00e2metro Meisinger -801H 029 para aprofundar o centro da raiz, cerca de 2-3 mm sub-gengival, deixando aproximadamente 1 mm da parte exterior do dente nas margens (como na figura A).<\/span>[\/vc_column_text][vc_custom_heading text=&#8221;Passo 2: Estabelecer uma zona de restaura\u00e7\u00e3o&#8221; font_container=&#8221;tag:p|font_size:20|text_align:left|color:%23c4d600&#8243; use_theme_fonts=&#8221;yes&#8221;][vc_column_text]<span style=\"color: #333333;\">1. Nivele o dente com a altura da margem \u00f3ssea: Utilize uma broca diamantada plana Meisinger 909 G de alta velocidade a partir do centro movendo-a em dire\u00e7\u00e3o \u00e0 margem, nivelando a raiz at\u00e9 a altura do osso palatino (como nas figuras B e C). O objetivo \u00e9 criar espa\u00e7o para o perfil de emerg\u00eancia na zona de restaura\u00e7\u00e3o (como na figura D).<\/span><br \/>\n<span style=\"color: #333333;\">2. Tire uma radiografia periapical digital para verificar as medidas desde a crista \u00f3ssea at\u00e9 o \u00e1pice (como em E).<\/span>[\/vc_column_text][vc_single_image image=&#8221;1386&#8243; img_size=&#8221;full&#8221; alignment=&#8221;center&#8221;][\/vc_column_inner][\/vc_row_inner][vc_row_inner][vc_column_inner][vc_empty_space height=&#8221;20px&#8221;][vc_custom_heading text=&#8221;Passo 3: Estabelecer as trajet\u00f3rias piloto com 1 ou 2 furos (dependendo da anatomia da raiz)&#8221; font_container=&#8221;tag:p|font_size:20|text_align:left|color:%23c4d600&#8243; use_theme_fonts=&#8221;yes&#8221;][vc_column_text]<span style=\"color: #333333;\">1. Utilize uma broca de carbide de alta velocidade Meisinger HM162SX 014 (7 mm de altura de corte) seguindo a trajet\u00f3ria do canal da raiz avan\u00e7ando 1mm al\u00e9m do \u00e1pice, para assegurar que todo o conte\u00fado do canal ser\u00e1 removido (esta \u00e9 a perfura\u00e7\u00e3o A). Verificar a perfura\u00e7\u00e3o do canal com uma radiografia.<\/span><br \/>\n<span style=\"color: #333333;\">2. Utilize a mesma broca para estabelecer a trajet\u00f3ria do local do implante a uma profundidade semelhante (esta \u00e9 a perfura\u00e7\u00e3o B).<\/span><br \/>\n<span style=\"color: #333333;\">3. Ambas perfura\u00e7\u00f5es piloto devem ter aproximadamente 1-2 mm de di\u00e2metro.<\/span>[\/vc_column_text][vc_single_image image=&#8221;1388&#8243; img_size=&#8221;full&#8221; alignment=&#8221;center&#8221;][\/vc_column_inner][\/vc_row_inner][vc_row_inner][vc_column_inner][vc_empty_space height=&#8221;20px&#8221;][vc_custom_heading text=&#8221;Passo 4A: Alargar a perfura\u00e7\u00e3o de remo\u00e7\u00e3o do \u00e1pice&#8221; font_container=&#8221;tag:p|font_size:20|text_align:left|color:%23c4d600&#8243; use_theme_fonts=&#8221;yes&#8221;][vc_column_text]<span style=\"color: #333333;\">Utilize as brocas Densah\u00ae (2,0 e\/ou 2,3) a 1000-1300 RPM no sentido de corte (hor\u00e1rio), com irriga\u00e7\u00e3o adequada, seguindo a trajet\u00f3ria do canal da raiz avan\u00e7ando 2mm al\u00e9m do \u00e1pice, para garantir sua a remo\u00e7\u00e3o completa. Verifique o resultado com radiografia periapical.<\/span>[\/vc_column_text][vc_custom_heading text=&#8221;Passo 4B: Alargar as trajet\u00f3rias de osteotomia do implante&#8221; font_container=&#8221;tag:p|font_size:20|text_align:left|color:%23c4d600&#8243; use_theme_fonts=&#8221;yes&#8221;][vc_column_text]<span style=\"color: #333333;\">1. Utilize as brocas Densah\u00ae (2,0 e 2,3) no sentido hor\u00e1rio, com irriga\u00e7\u00e3o adequada, no s\u00edtio de instala\u00e7\u00e3o avan\u00e7ando 1mm al\u00e9m do comprimento planeado do implante. Verifique o resultado com radiografia periapical.<\/span><br \/>\n<span style=\"color: #333333;\">2. Utilize a broca Densah\u00ae (3.0) no sentido de densifica\u00e7\u00e3o (anti-hor\u00e1rio) com irriga\u00e7\u00e3o adequada para promover osseodensifica\u00e7\u00e3o no s\u00edtio de instala\u00e7\u00e3o do implante.<\/span>[\/vc_column_text][vc_single_image image=&#8221;1390&#8243; img_size=&#8221;full&#8221; alignment=&#8221;center&#8221;][\/vc_column_inner][\/vc_row_inner][vc_row_inner][vc_column_inner][vc_empty_space height=&#8221;20px&#8221;][vc_custom_heading text=&#8221;Passo 5A: Preparar o socket shield&#8221; font_container=&#8221;tag:p|font_size:20|text_align:left|color:%23c4d600&#8243; use_theme_fonts=&#8221;yes&#8221;][vc_column_text]<span style=\"color: #333333;\">1. Verifique a altura do socket shield: Utilize uma broca de nivelamento Megagen \u2013 3DD50 para reduzir a altura do socket shield, reanatomizando-o a 3 mm subgengival na face vestibular (como nas figuras A e B).<\/span>[\/vc_column_text][vc_custom_heading text=&#8221;Passo 5B: Divis\u00e3o mesial-distal da raiz&#8221; font_container=&#8221;tag:p|font_size:20|text_align:left|color:%23c4d600&#8243; use_theme_fonts=&#8221;yes&#8221;][vc_column_text]<span style=\"color: #333333;\">1. Utilize uma broca c\u00f4nica de haste longa e alta velocidade, diamantada ou carbide Meisinger HM34IL 012 (como na figura C) para seccionar o socket shield no sentido mesial-distal e remover a por\u00e7\u00e3o palatina da raiz.<\/span>[\/vc_column_text][vc_single_image image=&#8221;1392&#8243; img_size=&#8221;full&#8221; alignment=&#8221;center&#8221;][\/vc_column_inner][\/vc_row_inner][vc_row_inner][vc_column_inner][vc_custom_heading text=&#8221;Passo 5C: Prepara\u00e7\u00e3o final da prote\u00e7\u00e3o&#8221; font_container=&#8221;tag:p|font_size:20|text_align:left|color:%23c4d600&#8243; use_theme_fonts=&#8221;yes&#8221;][vc_column_text]<span style=\"color: #333333;\">1. Utilize uma broca diamantada esf\u00e9rica de alta velocidade ou outra broca de modela\u00e7\u00e3o designada para reduzir a espessura da prote\u00e7\u00e3o coronal para 1-2 mm (como na figura A). Broca Megagen \u2013 2DD304<\/span><br \/>\n<span style=\"color: #333333;\">2. Prepare o chanfro do socket shield (como na figura B). Broca Megagen \u2013 GD40G<\/span><br \/>\n<span style=\"color: #333333;\">3. Dependendo do tipo e di\u00e2metro do implante, prepare o s\u00edtio de instala\u00e7\u00e3o do implante com as brocas Densah\u00ae de acordo com o protocolo de densifica\u00e7\u00e3o do sistema de implantes utilizado. (como na figura C) (versah.com\/implant-system-drilling-protocols\/)<\/span>[\/vc_column_text][vc_single_image image=&#8221;1394&#8243; img_size=&#8221;full&#8221; alignment=&#8221;center&#8221;][\/vc_column_inner][\/vc_row_inner][vc_row_inner][vc_column_inner][vc_empty_space height=&#8221;20px&#8221;][vc_custom_heading text=&#8221;Passo 6:&#8221; font_container=&#8221;tag:p|font_size:20|text_align:left|color:%23c4d600&#8243; use_theme_fonts=&#8221;yes&#8221;][vc_column_text]<span style=\"color: #333333;\">1. Instale o implante no s\u00edtio preparado com osseodensifica\u00e7\u00e3o (como na figura A).<\/span><br \/>\n<span style=\"color: #333333;\">2. Preencha o espa\u00e7o entre o implante e o socket shield com aloenxerto ou osso aut\u00f3geno (como na figura B).<\/span>[\/vc_column_text][vc_single_image image=&#8221;1396&#8243; img_size=&#8221;full&#8221; alignment=&#8221;center&#8221;][\/vc_column_inner][\/vc_row_inner][vc_row_inner][vc_column_inner][vc_empty_space height=&#8221;20px&#8221;][vc_custom_heading text=&#8221;Passo 7:&#8221; font_container=&#8221;tag:p|font_size:20|text_align:left|color:%23c4d600&#8243; use_theme_fonts=&#8221;yes&#8221;][vc_column_text]<span style=\"color: #333333;\">Conclua com uma coroa provis\u00f3ria aparafusada de fixa\u00e7\u00e3o imediata ou um pilar provis\u00f3rio sob medida.<\/span>[\/vc_column_text][vc_single_image image=&#8221;1398&#8243; img_size=&#8221;full&#8221; alignment=&#8221;center&#8221;][vc_column_text]<\/p>\n<p style=\"text-align: center;\">Caso gentilmente compartilhado por Charles Schwimer, DMD<br \/>\n** A avalia\u00e7\u00e3o e a experi\u00eancia do profissional devem ser aplicadas em conjunto com esta sugest\u00e3o de protocolo de utiliza\u00e7\u00e3o para pr\u00e1tica cl\u00ednica<\/p>\n<p>[\/vc_column_text][\/vc_column_inner][\/vc_row_inner][\/vc_column][\/vc_row][vc_row][vc_column][vc_empty_space height=&#8221;100px&#8221;][vc_column_text]<\/p>\n<h6><span style=\"color: #808080;\"> 10901 REV00 \u00faltima atualiza\u00e7\u00e3o: 08\/2023<\/span><\/h6>\n<p>[\/vc_column_text][\/vc_column][\/vc_row]<\/p>\n<\/section>","protected":false},"excerpt":{"rendered":"<p>[vc_row][vc_column][vc_empty_space height=&#8221;100px&#8221;][vc_custom_heading text=&#8221;T\u00c9CNICA DE PRESERVA\u00c7\u00c3O SELETIVA DO DENTE (SPOT)&#8221; font_container=&#8221;tag:p|font_size:35|text_align:center|color:%23c4d600&#8243; use_theme_fonts=&#8221;yes&#8221;][vc_btn title=&#8221;Baixar Protocolo&#8221; style=&#8221;outline-custom&#8221; outline_custom_color=&#8221;#c4d600&#8243; outline_custom_hover_background=&#8221;#666666&#8243; outline_custom_hover_text=&#8221;#ffffff&#8221; size=&#8221;lg&#8221; align=&#8221;center&#8221; link=&#8221;url:https%3A%2F%2Fversahinternational.com%2Fwp-content%2Fuploads%2F2023%2F12%2FPortuguese-SPoT-Protocol-11042-REV00.pdf|title:Protocolo%20de%20expans%C3%A3o%20da%20crista%20facilitada&#8221;][\/vc_column][\/vc_row][vc_row][vc_column<\/p>\n<p><a href=\"https:\/\/versahinternational.com\/pt-pt\/versatilidade-clinica\/protocolo-da-tecnica-de-preservacao-selectiva-do-dente-spot\/\" class=\"more-link\">Continue reading<span class=\"screen-reader-text\">Protocolo da t\u00e9cnica de preserva\u00e7\u00e3o seletiva do dente (SPoT)<\/span><\/a><\/p>\n","protected":false},"author":2,"featured_media":0,"parent":11561,"menu_order":0,"comment_status":"closed","ping_status":"closed","template":"","meta":{"footnotes":""},"class_list":["post-9959","page","type-page","status-publish","hentry"],"jetpack_sharing_enabled":true,"_links":{"self":[{"href":"https:\/\/versahinternational.com\/pt-pt\/wp-json\/wp\/v2\/pages\/9959","targetHints":{"allow":["GET"]}}],"collection":[{"href":"https:\/\/versahinternational.com\/pt-pt\/wp-json\/wp\/v2\/pages"}],"about":[{"href":"https:\/\/versahinternational.com\/pt-pt\/wp-json\/wp\/v2\/types\/page"}],"author":[{"embeddable":true,"href":"https:\/\/versahinternational.com\/pt-pt\/wp-json\/wp\/v2\/users\/2"}],"replies":[{"embeddable":true,"href":"https:\/\/versahinternational.com\/pt-pt\/wp-json\/wp\/v2\/comments?post=9959"}],"version-history":[{"count":16,"href":"https:\/\/versahinternational.com\/pt-pt\/wp-json\/wp\/v2\/pages\/9959\/revisions"}],"predecessor-version":[{"id":17804,"href":"https:\/\/versahinternational.com\/pt-pt\/wp-json\/wp\/v2\/pages\/9959\/revisions\/17804"}],"up":[{"embeddable":true,"href":"https:\/\/versahinternational.com\/pt-pt\/wp-json\/wp\/v2\/pages\/11561"}],"wp:attachment":[{"href":"https:\/\/versahinternational.com\/pt-pt\/wp-json\/wp\/v2\/media?parent=9959"}],"curies":[{"name":"wp","href":"https:\/\/api.w.org\/{rel}","templated":true}]}}